{"id":2781,"date":"2024-03-06T16:29:49","date_gmt":"2024-03-06T15:29:49","guid":{"rendered":"https:\/\/lechatelet-loirevalley.fr\/?page_id=2781"},"modified":"2024-03-06T16:33:58","modified_gmt":"2024-03-06T15:33:58","slug":"mentions-legales","status":"publish","type":"page","link":"https:\/\/lechatelet-loirevalley.fr\/fr_fr\/mentions-legales\/","title":{"rendered":"Mentions l\u00e9gales"},"content":{"rendered":"\n<h1 class=\"wp-block-heading\"><\/h1>\n\n\n\n<h1 class=\"wp-block-heading\">Conform\u00e9ment aux dispositions des articles 6-III et 19 de la Loi n\u00b0 2004-575 du 21 juin 2004 pour la Confiance dans l\u2019\u00e9conomie num\u00e9rique, dite L.C.E.N., nous portons \u00e0 la connaissance des utilisateurs et visiteurs du site :&nbsp;https:\/\/lechatelet-loirevalley.fr\/&nbsp;les informations suivantes :<\/h1>\n\n\n\n<h2 class=\"wp-block-heading\">\u00c9DITEUR<\/h2>\n\n\n\n<p>Le site https:\/\/lechatelet-loirevalley.fr\/&nbsp;est la propri\u00e9t\u00e9 exclusive de l\u2019Auto-entrepreneur Lelasseux Gr\u00e9goire, qui l\u2019\u00e9dite.<\/p>\n\n\n\n<p>\u200b<strong>Le Chatelet Gr\u00e9goire Lelasseux<\/strong>\u2013&nbsp;Auto-entrepreneur<\/p>\n\n\n\n<p>Immatricul\u00e9e au R\u00e9pertoire des Entreprises et des \u00c9tablissements sous le num\u00e9ro<\/p>\n\n\n\n<figure class=\"wp-block-table\"><table><tbody><tr><td>803 101 492 00012<\/td><\/tr><\/tbody><\/table><\/figure>\n\n\n\n<p><br><strong>T\u00e9l\u00e9phone&nbsp; :&nbsp;<\/strong>&nbsp;07 81 15 32 97<\/p>\n\n\n\n<p><strong>Adresse :&nbsp;<\/strong> <strong>Le Ch\u00e2telet<\/strong> <strong>37260 Thilouze<\/strong><\/p>\n\n\n\n<p><strong>Adresse de courrier \u00e9lectronique :&nbsp;<\/strong><a href=\"mailto:contact@benjaminfrelat-hypnose.fr\"> lechatelet@hotmail.fr<\/a><\/p>\n\n\n\n<p>Directeur de la publication : Lelasseux Gr\u00e9goire<\/p>\n\n\n\n<p>Design du site :&nbsp;Wordpress<\/p>\n\n\n\n<p>Contactez le responsable de la publication :&nbsp;lechatelet@hotmail.fr<\/p>\n\n\n\n<h2 class=\"wp-block-heading\">HEBERGEMENT<\/h2>\n\n\n\n<p><br>L\u2019h\u00e9bergeur du site https:\/\/lechatelet-loirevalley.fr\/ est la soci\u00e9t\u00e9 OVH., dont le si\u00e8ge social est situ\u00e9 au 2 rue Kellermann \u2013 59100 Roubaix \u2013 France RCS Lille M\u00e9tropole 424 761 419 00045 Code APE 2620Z N\u00b0 TVA : FR 22 424 761 419<\/p>\n\n\n\n<h2 class=\"wp-block-heading\">CREDITS<\/h2>\n\n\n\n<p>les mentions l\u00e9gales ont \u00e9t\u00e9s g\u00e9n\u00e9r\u00e9es par&nbsp;<a href=\"https:\/\/www.generer-mentions-legales.com\/\" target=\"_blank\" rel=\"noreferrer noopener\">mentions l\u00e9gales<\/a><\/p>\n","protected":false},"excerpt":{"rendered":"<p>Conform\u00e9ment aux dispositions des articles 6-III et 19 de la Loi n\u00b0 2004-575 du 21 juin 2004 pour la Confiance dans l\u2019\u00e9conomie num\u00e9rique, dite L.C.E.N., nous portons \u00e0 la connaissance des utilisateurs et visiteurs du site :&nbsp;https:\/\/lechatelet-loirevalley.fr\/&nbsp;les informations suivantes : [&hellip;]<\/p>\n","protected":false},"author":2,"featured_media":0,"parent":0,"menu_order":0,"comment_status":"closed","ping_status":"open","template":"","meta":{"footnotes":""},"class_list":["post-2781","page","type-page","status-publish","hentry"],"_links":{"self":[{"href":"https:\/\/lechatelet-loirevalley.fr\/fr_fr\/wp-json\/wp\/v2\/pages\/2781","targetHints":{"allow":["GET"]}}],"collection":[{"href":"https:\/\/lechatelet-loirevalley.fr\/fr_fr\/wp-json\/wp\/v2\/pages"}],"about":[{"href":"https:\/\/lechatelet-loirevalley.fr\/fr_fr\/wp-json\/wp\/v2\/types\/page"}],"author":[{"embeddable":true,"href":"https:\/\/lechatelet-loirevalley.fr\/fr_fr\/wp-json\/wp\/v2\/users\/2"}],"replies":[{"embeddable":true,"href":"https:\/\/lechatelet-loirevalley.fr\/fr_fr\/wp-json\/wp\/v2\/comments?post=2781"}],"version-history":[{"count":2,"href":"https:\/\/lechatelet-loirevalley.fr\/fr_fr\/wp-json\/wp\/v2\/pages\/2781\/revisions"}],"predecessor-version":[{"id":2786,"href":"https:\/\/lechatelet-loirevalley.fr\/fr_fr\/wp-json\/wp\/v2\/pages\/2781\/revisions\/2786"}],"wp:attachment":[{"href":"https:\/\/lechatelet-loirevalley.fr\/fr_fr\/wp-json\/wp\/v2\/media?parent=2781"}],"curies":[{"name":"wp","href":"https:\/\/api.w.org\/{rel}","templated":true}]}}