{"id":2779,"date":"2024-03-06T16:21:50","date_gmt":"2024-03-06T15:21:50","guid":{"rendered":"https:\/\/lechatelet-loirevalley.fr\/?page_id=2779"},"modified":"2024-03-11T20:42:04","modified_gmt":"2024-03-11T19:42:04","slug":"cgu","status":"publish","type":"page","link":"https:\/\/lechatelet-loirevalley.fr\/fr_fr\/cgu\/","title":{"rendered":"CGU"},"content":{"rendered":"\n<h1 class=\"wp-block-heading\"><\/h1>\n\n\n\n<h2 class=\"wp-block-heading\">Conditions G\u00e9n\u00e9rales d\u2019Utilisations<\/h2>\n\n\n\n<h2 class=\"wp-block-heading\">En vigueur au 01\/03\/2024<\/h2>\n\n\n\n<p>Les pr\u00e9sentes conditions g\u00e9n\u00e9rales d\u2019utilisation (dites \u00ab CGU \u00bb) ont pour objet l\u2019encadrement juridique des modalit\u00e9s de mise \u00e0 disposition du site, des services et de d\u00e9finir les conditions d\u2019acc\u00e8s et d\u2019utilisation des services par \u00ab l\u2019Utilisateur \u00bb.<br>Les pr\u00e9sentes CGU sont accessibles sur le site \u00e0 la rubrique \u00abCGU\u00bb.<\/p>\n\n\n\n<p>Toute inscription ou utilisation du site implique l\u2019acceptation sans aucune r\u00e9serve ni restriction des pr\u00e9sentes CGU par l\u2019utilisateur. Lors de l\u2019inscription sur le site via le Formulaire d\u2019inscription, chaque utilisateur accepte express\u00e9ment les pr\u00e9sentes CGU en cochant la case pr\u00e9c\u00e9dant le texte suivant :<br><em>\u00ab Je reconnais avoir lu et compris les CGU et je les accepte \u00bb.<\/em><\/p>\n\n\n\n<p>En cas de non-acceptation des CGU stipul\u00e9es dans le pr\u00e9sent contrat, l\u2019Utilisateur se doit de renoncer \u00e0 l\u2019acc\u00e8s des services propos\u00e9s par le site.<br>https:\/\/lechatelet-loirevalley.fr\/se r\u00e9serve le droit de modifier unilat\u00e9ralement et \u00e0 tout moment le contenu des pr\u00e9sentes CGU.<\/p>\n\n\n\n<h2 class=\"wp-block-heading\">ARTICLE 1 : Les mentions l\u00e9gales<\/h2>\n\n\n\n<p>L\u2019\u00e9dition et la direction de la publication du site https:\/\/lechatelet-loirevalley.fr\/ est assur\u00e9e par Lelasseux Gr\u00e9goire, domicili\u00e9 Le Chatelet, 37260 Thilouze.<br>Num\u00e9ro de t\u00e9l\u00e9phone : 07 81 15 32 97<br>Adresse e-mail :&nbsp;lechatelet@hotmail.fr.<br>L\u2019h\u00e9bergeur du site https:\/\/lechatelet-loirevalley.fr\/&nbsp;est la soci\u00e9t\u00e9 OVH., dont le si\u00e8ge social est situ\u00e9 au 2 rue Kellermann \u2013 59100 Roubaix \u2013 France RCS Lille M\u00e9tropole 424 761 419 00045 Code APE 2620Z N\u00b0 TVA : FR 22 424 761 419<\/p>\n\n\n\n<h2 class=\"wp-block-heading\">ARTICLE 2 : Acc\u00e8s au site<\/h2>\n\n\n\n<p>Le site&nbsp;https:\/\/lechatelet-loirevalley.fr\/&nbsp;permet \u00e0 l\u2019Utilisateur un acc\u00e8s aux services suivants :<\/p>\n\n\n\n<p>Gites, informations.<\/p>\n\n\n\n<p>Le site est accessible gratuitement en tout lieu \u00e0 tout Utilisateur ayant un acc\u00e8s \u00e0 Internet. Tous les frais support\u00e9s par l\u2019Utilisateur pour acc\u00e9der au service (mat\u00e9riel informatique, logiciels, connexion Internet, etc.) sont \u00e0 sa charge.<\/p>\n\n\n\n<p><\/p>\n\n\n\n<h2 class=\"wp-block-heading\">ARTICLE 3 : Paiement, r\u00e9servation, annulation<\/h2>\n\n\n\n<h2 class=\"wp-block-heading\"><\/h2>\n\n\n\n<p>Les gites sont r\u00e9servables par t\u00e9l\u00e9phone ou par mail. Le tarif en vigueur est indiqu\u00e9 sur le site dans \u201cTarif \u201d. Il peut y avoir des r\u00e9ductions, qui seront indiqu\u00e9es via une page pop up ou sur les r\u00e9seaux sociaux. <\/p>\n\n\n\n<p>Les paiements se font uniquement en esp\u00e8ce ou en ch\u00e8que ou par virement.&nbsp;<\/p>\n\n\n\n<p>Nous demandons 35% \u00e0 la r\u00e9servation et le solde sur place au d\u00e9but du s\u00e9jour. <\/p>\n\n\n\n<h2 class=\"wp-block-heading\">ARTICLE 4 : Collecte des donn\u00e9es\u200b<\/h2>\n\n\n\n<p>Le site assure \u00e0 l\u2019Utilisateur une collecte et un traitement d\u2019informations personnelles dans le respect de la vie priv\u00e9e conform\u00e9ment \u00e0 la loi n\u00b078-17 du 6 janvier 1978 relative \u00e0 l\u2019informatique, aux fichiers et aux libert\u00e9s. Le site est d\u00e9clar\u00e9 \u00e0 la CNIL sous le num\u00e9ro \u201cEn cours\u201d.<br>En vertu de la loi Informatique et Libert\u00e9s, en date du 6 janvier 1978, l\u2019Utilisateur dispose d\u2019un droit d\u2019acc\u00e8s, de rectification, de suppression et d\u2019opposition de ses donn\u00e9es personnelles. L\u2019Utilisateur exerce ce droit :<\/p>\n\n\n\n<ul class=\"wp-block-list\">\n<li>par mail \u00e0 l\u2019adresse mail&nbsp;&nbsp;lechatelet@hotmail.fr.<\/li>\n\n\n\n<li>par voie postale \u00e0 Le Chatelet, 37260 Thilouze. ;<\/li>\n<\/ul>\n\n\n\n<h2 class=\"wp-block-heading\">ARTICLE 5 : Propri\u00e9t\u00e9 intellectuelle<\/h2>\n\n\n\n<p>Les marques, logos, signes ainsi que tous les contenus du site (textes, images, son\u2026) font l\u2019objet d\u2019une protection par le Code de la propri\u00e9t\u00e9 intellectuelle et plus particuli\u00e8rement par le droit d\u2019auteur.<\/p>\n\n\n\n<p>L\u2019Utilisateur doit solliciter l\u2019autorisation pr\u00e9alable du site pour toute reproduction, publication, copie des diff\u00e9rents contenus. Il s\u2019engage \u00e0 une utilisation des contenus du site dans un cadre strictement priv\u00e9, toute utilisation \u00e0 des fins commerciales et publicitaires est strictement interdite.<\/p>\n\n\n\n<p>Toute repr\u00e9sentation totale ou partielle de ce site par quelque proc\u00e9d\u00e9 que ce soit, sans l\u2019autorisation expresse de l\u2019exploitant du site Internet constituerait une contrefa\u00e7on sanctionn\u00e9e par l\u2019article L 335-2 et suivants du Code de la propri\u00e9t\u00e9 intellectuelle.<\/p>\n\n\n\n<p>Il est rappel\u00e9 conform\u00e9ment \u00e0 l\u2019article L122-5 du Code de propri\u00e9t\u00e9 intellectuelle que l\u2019Utilisateur qui reproduit, copie ou publie le contenu prot\u00e9g\u00e9 doit citer l\u2019auteur et sa source.<\/p>\n\n\n\n<h2 class=\"wp-block-heading\">ARTICLE 6 : Responsabilit\u00e9<\/h2>\n\n\n\n<p>Les sources des informations diffus\u00e9es sur le site <\/p>\n\n\n\n<p>Les sources des informations diffus\u00e9es sur le site &nbsp;<\/p>\n\n\n\n<p>Les sources des informations diffus\u00e9es sur le site &nbsp;lechatelet@hotmail.fr sont r\u00e9put\u00e9es fiables mais le site ne garantit pas qu\u2019il soit exempt de d\u00e9fauts, d\u2019erreurs ou d\u2019omissions.<\/p>\n\n\n\n<p>Les informations communiqu\u00e9es sont pr\u00e9sent\u00e9es \u00e0 titre indicatif et g\u00e9n\u00e9ral sans valeur contractuelle. Malgr\u00e9 des mises \u00e0 jour r\u00e9guli\u00e8res, le site&nbsp;lechatelet@hotmail.fr&nbsp;ne peut \u00eatre tenu responsable de la modification des dispositions administratives et juridiques survenant apr\u00e8s la publication. De m\u00eame, le site ne peut \u00eatre tenue responsable de l\u2019utilisation et de l\u2019interpr\u00e9tation de l\u2019information contenue dans ce site.<\/p>\n\n\n\n<p>L\u2019Utilisateur s\u2019assure de garder son mot de passe secret. Toute divulgation du mot de passe, quelle que soit sa forme, est interdite. Il assume les risques li\u00e9s \u00e0 l\u2019utilisation de son identifiant et mot de passe. Le site d\u00e9cline toute responsabilit\u00e9.<\/p>\n\n\n\n<p>Le site<em>&nbsp;<\/em><a href=\"https:\/\/benjaminfrelat-hypnose.fr\/\" target=\"_blank\" rel=\"noreferrer noopener\">&nbsp;lechatelet@hotmail.fr<\/a>&nbsp;ne peut \u00eatre tenu pour responsable d\u2019\u00e9ventuels virus qui pourraient infecter l\u2019ordinateur ou tout mat\u00e9riel informatique de l\u2019Internaute, suite \u00e0 une utilisation, \u00e0 l\u2019acc\u00e8s, ou au t\u00e9l\u00e9chargement provenant de ce site.<\/p>\n\n\n\n<p>La responsabilit\u00e9 du site ne peut \u00eatre engag\u00e9e en cas de force majeure ou du fait impr\u00e9visible et insurmontable d\u2019un tiers.<\/p>\n\n\n\n<h2 class=\"wp-block-heading\">ARTICLE 7 : Liens Hypertextes<\/h2>\n\n\n\n<p>Des liens hypertextes peuvent \u00eatre pr\u00e9sents sur le site. L\u2019Utilisateur est inform\u00e9 qu\u2019en cliquant sur ces liens, il sortira du site&nbsp;&nbsp;lechatelet@hotmail.fr. Ce dernier n\u2019a pas de contr\u00f4le sur les pages web sur lesquelles aboutissent ces liens et ne saurait, en aucun cas, \u00eatre responsable de leur contenu.<\/p>\n\n\n\n<h2 class=\"wp-block-heading\">ARTICLE 8 : Cookies<\/h2>\n\n\n\n<p>L\u2019Utilisateur est inform\u00e9 que lors de ses visites sur le site, un cookie peut s\u2019installer automatiquement sur son logiciel de navigation.<br>Les cookies sont de petits fichiers stock\u00e9s temporairement sur le disque dur de l\u2019ordinateur de l\u2019Utilisateur par votre navigateur et qui sont n\u00e9cessaires \u00e0 l\u2019utilisation du site &nbsp;lechatelet@hotmail.fr. Les cookies ne contiennent pas d\u2019information personnelle et ne peuvent pas \u00eatre utilis\u00e9s pour identifier quelqu\u2019un. Un cookie contient un identifiant unique, g\u00e9n\u00e9r\u00e9 al\u00e9atoirement et donc anonyme. Certains cookies expirent \u00e0 la fin de la visite de l\u2019Utilisateur, d\u2019autres restent.<\/p>\n\n\n\n<p>L\u2019information contenue dans les cookies est utilis\u00e9e pour am\u00e9liorer le site&nbsp;&nbsp;lechatelet@hotmail.fr.<br>En naviguant sur le site, L\u2019Utilisateur les accepte.<\/p>\n\n\n\n<p>L\u2019Utilisateur doit toutefois donner son consentement quant \u00e0 l\u2019utilisation de certains cookies.<br>A d\u00e9faut d\u2019acceptation, l\u2019Utilisateur est inform\u00e9 que certaines fonctionnalit\u00e9s ou pages risquent de lui \u00eatre refus\u00e9es.<\/p>\n\n\n\n<p>L\u2019Utilisateur pourra d\u00e9sactiver ces cookies par l\u2019interm\u00e9diaire des param\u00e8tres figurant au sein de son logiciel de navigation.<\/p>\n\n\n\n<h2 class=\"wp-block-heading\">ARTICLE 9 : Droit applicable et juridiction comp\u00e9tente<\/h2>\n\n\n\n<p>La l\u00e9gislation fran\u00e7aise s\u2019applique au pr\u00e9sent contrat. En cas d\u2019absence de r\u00e9solution amiable d\u2019un litige n\u00e9 entre les parties, ce dernier sera port\u00e9 devant les tribunaux comp\u00e9tents de Tours.<\/p>\n\n\n\n<p>Pour toute question relative \u00e0 l\u2019application des pr\u00e9sentes CGU, vous pouvez joindre l\u2019\u00e9diteur aux coordonn\u00e9es inscrites \u00e0 l\u2019ARTICLE 1.<\/p>\n","protected":false},"excerpt":{"rendered":"<p>Conditions G\u00e9n\u00e9rales d\u2019Utilisations En vigueur au 01\/03\/2024 Les pr\u00e9sentes conditions g\u00e9n\u00e9rales d\u2019utilisation (dites \u00ab CGU \u00bb) ont pour objet l\u2019encadrement juridique des modalit\u00e9s de mise \u00e0 disposition du site, des services et de d\u00e9finir les conditions d\u2019acc\u00e8s et d\u2019utilisation des [&hellip;]<\/p>\n","protected":false},"author":2,"featured_media":0,"parent":0,"menu_order":0,"comment_status":"closed","ping_status":"open","template":"","meta":{"footnotes":""},"class_list":["post-2779","page","type-page","status-publish","hentry"],"yoast_head":"<!-- This site is optimized with the Yoast SEO plugin v27.4 - https:\/\/yoast.com\/product\/yoast-seo-wordpress\/ -->\n<title>CGU - Le Ch\u00e2telet Loire Valley<\/title>\n<meta name=\"robots\" content=\"index, follow, max-snippet:-1, max-image-preview:large, max-video-preview:-1\" \/>\n<link rel=\"canonical\" href=\"https:\/\/lechatelet-loirevalley.fr\/fr_fr\/cgu\/\" \/>\n<meta property=\"og:locale\" content=\"fr_FR\" \/>\n<meta property=\"og:type\" content=\"article\" \/>\n<meta property=\"og:title\" content=\"CGU - Le Ch\u00e2telet Loire Valley\" \/>\n<meta property=\"og:description\" content=\"Conditions G\u00e9n\u00e9rales d\u2019Utilisations En vigueur au 01\/03\/2024 Les pr\u00e9sentes conditions g\u00e9n\u00e9rales d\u2019utilisation (dites \u00ab CGU \u00bb) ont pour objet l\u2019encadrement juridique des modalit\u00e9s de mise \u00e0 disposition du site, des services et de d\u00e9finir les conditions d\u2019acc\u00e8s et d\u2019utilisation des [&hellip;]\" \/>\n<meta property=\"og:url\" content=\"https:\/\/lechatelet-loirevalley.fr\/fr_fr\/cgu\/\" \/>\n<meta property=\"og:site_name\" content=\"Le Ch\u00e2telet Loire Valley\" \/>\n<meta property=\"article:publisher\" content=\"https:\/\/www.facebook.com\/profile.php?id=100006178249393\" \/>\n<meta property=\"article:modified_time\" content=\"2024-03-11T19:42:04+00:00\" \/>\n<meta name=\"twitter:card\" content=\"summary_large_image\" \/>\n<meta name=\"twitter:label1\" content=\"Dur\u00e9e de lecture estim\u00e9e\" \/>\n\t<meta name=\"twitter:data1\" content=\"6 minutes\" \/>\n<script type=\"application\/ld+json\" class=\"yoast-schema-graph\">{\"@context\":\"https:\\\/\\\/schema.org\",\"@graph\":[{\"@type\":\"WebPage\",\"@id\":\"https:\\\/\\\/lechatelet-loirevalley.fr\\\/cgu\\\/\",\"url\":\"https:\\\/\\\/lechatelet-loirevalley.fr\\\/cgu\\\/\",\"name\":\"CGU - Le Ch\u00e2telet Loire Valley\",\"isPartOf\":{\"@id\":\"http:\\\/\\\/lechatelet-loirevalley.fr\\\/fr_fr\\\/#website\"},\"datePublished\":\"2024-03-06T15:21:50+00:00\",\"dateModified\":\"2024-03-11T19:42:04+00:00\",\"breadcrumb\":{\"@id\":\"https:\\\/\\\/lechatelet-loirevalley.fr\\\/cgu\\\/#breadcrumb\"},\"inLanguage\":\"fr-FR\",\"potentialAction\":[{\"@type\":\"ReadAction\",\"target\":[\"https:\\\/\\\/lechatelet-loirevalley.fr\\\/cgu\\\/\"]}]},{\"@type\":\"BreadcrumbList\",\"@id\":\"https:\\\/\\\/lechatelet-loirevalley.fr\\\/cgu\\\/#breadcrumb\",\"itemListElement\":[{\"@type\":\"ListItem\",\"position\":1,\"name\":\"Accueil\",\"item\":\"https:\\\/\\\/lechatelet-loirevalley.fr\\\/fr_fr\\\/\"},{\"@type\":\"ListItem\",\"position\":2,\"name\":\"CGU\"}]},{\"@type\":\"WebSite\",\"@id\":\"http:\\\/\\\/lechatelet-loirevalley.fr\\\/fr_fr\\\/#website\",\"url\":\"http:\\\/\\\/lechatelet-loirevalley.fr\\\/fr_fr\\\/\",\"name\":\"Le Ch\u00e2telet Loire Valley\",\"description\":\"Vivez une exp\u00e9rience unique dans un ch\u00e2teau Renaissance entour\u00e9 d\u2019eau. \",\"publisher\":{\"@id\":\"http:\\\/\\\/lechatelet-loirevalley.fr\\\/fr_fr\\\/#organization\"},\"potentialAction\":[{\"@type\":\"SearchAction\",\"target\":{\"@type\":\"EntryPoint\",\"urlTemplate\":\"http:\\\/\\\/lechatelet-loirevalley.fr\\\/fr_fr\\\/?s={search_term_string}\"},\"query-input\":{\"@type\":\"PropertyValueSpecification\",\"valueRequired\":true,\"valueName\":\"search_term_string\"}}],\"inLanguage\":\"fr-FR\"},{\"@type\":\"Organization\",\"@id\":\"http:\\\/\\\/lechatelet-loirevalley.fr\\\/fr_fr\\\/#organization\",\"name\":\"Le Ch\u00e2telet Loire Valley\",\"url\":\"http:\\\/\\\/lechatelet-loirevalley.fr\\\/fr_fr\\\/\",\"logo\":{\"@type\":\"ImageObject\",\"inLanguage\":\"fr-FR\",\"@id\":\"http:\\\/\\\/lechatelet-loirevalley.fr\\\/fr_fr\\\/#\\\/schema\\\/logo\\\/image\\\/\",\"url\":\"https:\\\/\\\/lechatelet-loirevalley.fr\\\/wp-content\\\/uploads\\\/2024\\\/03\\\/chatelet-dessin-1quatre_1_.jpg\",\"contentUrl\":\"https:\\\/\\\/lechatelet-loirevalley.fr\\\/wp-content\\\/uploads\\\/2024\\\/03\\\/chatelet-dessin-1quatre_1_.jpg\",\"width\":320,\"height\":205,\"caption\":\"Le Ch\u00e2telet Loire Valley\"},\"image\":{\"@id\":\"http:\\\/\\\/lechatelet-loirevalley.fr\\\/fr_fr\\\/#\\\/schema\\\/logo\\\/image\\\/\"},\"sameAs\":[\"https:\\\/\\\/www.facebook.com\\\/profile.php?id=100006178249393\",\"https:\\\/\\\/www.youtube.com\\\/@lelasseuxgregoire\",\"https:\\\/\\\/www.instagram.com\\\/thilouzelechatelet\\\/\"]}]}<\/script>\n<!-- \/ Yoast SEO plugin. -->","yoast_head_json":{"title":"CGU - Le Ch\u00e2telet Loire Valley","robots":{"index":"index","follow":"follow","max-snippet":"max-snippet:-1","max-image-preview":"max-image-preview:large","max-video-preview":"max-video-preview:-1"},"canonical":"https:\/\/lechatelet-loirevalley.fr\/fr_fr\/cgu\/","og_locale":"fr_FR","og_type":"article","og_title":"CGU - Le Ch\u00e2telet Loire Valley","og_description":"Conditions G\u00e9n\u00e9rales d\u2019Utilisations En vigueur au 01\/03\/2024 Les pr\u00e9sentes conditions g\u00e9n\u00e9rales d\u2019utilisation (dites \u00ab CGU \u00bb) ont pour objet l\u2019encadrement juridique des modalit\u00e9s de mise \u00e0 disposition du site, des services et de d\u00e9finir les conditions d\u2019acc\u00e8s et d\u2019utilisation des [&hellip;]","og_url":"https:\/\/lechatelet-loirevalley.fr\/fr_fr\/cgu\/","og_site_name":"Le Ch\u00e2telet Loire Valley","article_publisher":"https:\/\/www.facebook.com\/profile.php?id=100006178249393","article_modified_time":"2024-03-11T19:42:04+00:00","twitter_card":"summary_large_image","twitter_misc":{"Dur\u00e9e de lecture estim\u00e9e":"6 minutes"},"schema":{"@context":"https:\/\/schema.org","@graph":[{"@type":"WebPage","@id":"https:\/\/lechatelet-loirevalley.fr\/cgu\/","url":"https:\/\/lechatelet-loirevalley.fr\/cgu\/","name":"CGU - Le Ch\u00e2telet Loire Valley","isPartOf":{"@id":"http:\/\/lechatelet-loirevalley.fr\/fr_fr\/#website"},"datePublished":"2024-03-06T15:21:50+00:00","dateModified":"2024-03-11T19:42:04+00:00","breadcrumb":{"@id":"https:\/\/lechatelet-loirevalley.fr\/cgu\/#breadcrumb"},"inLanguage":"fr-FR","potentialAction":[{"@type":"ReadAction","target":["https:\/\/lechatelet-loirevalley.fr\/cgu\/"]}]},{"@type":"BreadcrumbList","@id":"https:\/\/lechatelet-loirevalley.fr\/cgu\/#breadcrumb","itemListElement":[{"@type":"ListItem","position":1,"name":"Accueil","item":"https:\/\/lechatelet-loirevalley.fr\/fr_fr\/"},{"@type":"ListItem","position":2,"name":"CGU"}]},{"@type":"WebSite","@id":"http:\/\/lechatelet-loirevalley.fr\/fr_fr\/#website","url":"http:\/\/lechatelet-loirevalley.fr\/fr_fr\/","name":"Le Ch\u00e2telet Loire Valley","description":"Vivez une exp\u00e9rience unique dans un ch\u00e2teau Renaissance entour\u00e9 d\u2019eau. ","publisher":{"@id":"http:\/\/lechatelet-loirevalley.fr\/fr_fr\/#organization"},"potentialAction":[{"@type":"SearchAction","target":{"@type":"EntryPoint","urlTemplate":"http:\/\/lechatelet-loirevalley.fr\/fr_fr\/?s={search_term_string}"},"query-input":{"@type":"PropertyValueSpecification","valueRequired":true,"valueName":"search_term_string"}}],"inLanguage":"fr-FR"},{"@type":"Organization","@id":"http:\/\/lechatelet-loirevalley.fr\/fr_fr\/#organization","name":"Le Ch\u00e2telet Loire Valley","url":"http:\/\/lechatelet-loirevalley.fr\/fr_fr\/","logo":{"@type":"ImageObject","inLanguage":"fr-FR","@id":"http:\/\/lechatelet-loirevalley.fr\/fr_fr\/#\/schema\/logo\/image\/","url":"https:\/\/lechatelet-loirevalley.fr\/wp-content\/uploads\/2024\/03\/chatelet-dessin-1quatre_1_.jpg","contentUrl":"https:\/\/lechatelet-loirevalley.fr\/wp-content\/uploads\/2024\/03\/chatelet-dessin-1quatre_1_.jpg","width":320,"height":205,"caption":"Le Ch\u00e2telet Loire Valley"},"image":{"@id":"http:\/\/lechatelet-loirevalley.fr\/fr_fr\/#\/schema\/logo\/image\/"},"sameAs":["https:\/\/www.facebook.com\/profile.php?id=100006178249393","https:\/\/www.youtube.com\/@lelasseuxgregoire","https:\/\/www.instagram.com\/thilouzelechatelet\/"]}]}},"_links":{"self":[{"href":"https:\/\/lechatelet-loirevalley.fr\/fr_fr\/wp-json\/wp\/v2\/pages\/2779","targetHints":{"allow":["GET"]}}],"collection":[{"href":"https:\/\/lechatelet-loirevalley.fr\/fr_fr\/wp-json\/wp\/v2\/pages"}],"about":[{"href":"https:\/\/lechatelet-loirevalley.fr\/fr_fr\/wp-json\/wp\/v2\/types\/page"}],"author":[{"embeddable":true,"href":"https:\/\/lechatelet-loirevalley.fr\/fr_fr\/wp-json\/wp\/v2\/users\/2"}],"replies":[{"embeddable":true,"href":"https:\/\/lechatelet-loirevalley.fr\/fr_fr\/wp-json\/wp\/v2\/comments?post=2779"}],"version-history":[{"count":4,"href":"https:\/\/lechatelet-loirevalley.fr\/fr_fr\/wp-json\/wp\/v2\/pages\/2779\/revisions"}],"predecessor-version":[{"id":3285,"href":"https:\/\/lechatelet-loirevalley.fr\/fr_fr\/wp-json\/wp\/v2\/pages\/2779\/revisions\/3285"}],"wp:attachment":[{"href":"https:\/\/lechatelet-loirevalley.fr\/fr_fr\/wp-json\/wp\/v2\/media?parent=2779"}],"curies":[{"name":"wp","href":"https:\/\/api.w.org\/{rel}","templated":true}]}}