{"id":3525,"date":"2026-03-29T20:34:11","date_gmt":"2026-03-29T18:34:11","guid":{"rendered":"https:\/\/lechatelet-loirevalley.fr\/?page_id=3525"},"modified":"2026-03-30T20:37:22","modified_gmt":"2026-03-30T18:37:22","slug":"la-nature-au-chatelet","status":"publish","type":"page","link":"https:\/\/lechatelet-loirevalley.fr\/en\/la-nature-au-chatelet\/","title":{"rendered":"Nature at Ch\u00e2telet"},"content":{"rendered":"<div data-elementor-type=\"wp-page\" data-elementor-id=\"3525\" class=\"elementor elementor-3525\" data-elementor-settings=\"{&quot;premium_particles_zindex&quot;:0,&quot;premium_particles_responsive&quot;:[&quot;desktop&quot;,&quot;tablet&quot;,&quot;mobile&quot;]}\" data-elementor-post-type=\"page\">\n\t\t\t\t<div class=\"elementor-element elementor-element-6439ce6 e-flex e-con-boxed elementor-invisible e-con e-parent\" data-id=\"6439ce6\" data-element_type=\"container\" data-settings=\"{&quot;animation&quot;:&quot;fadeInDown&quot;,&quot;content_width&quot;:&quot;boxed&quot;,&quot;hoteller_ext_is_background_parallax&quot;:&quot;false&quot;,&quot;hoteller_ext_is_background_on_scroll&quot;:&quot;false&quot;,&quot;hoteller_ext_link_sidemenu&quot;:&quot;false&quot;,&quot;hoteller_ext_link_fullmenu&quot;:&quot;false&quot;,&quot;hoteller_ext_link_closed_fullmenu&quot;:&quot;false&quot;,&quot;hoteller_ext_is_scrollme&quot;:&quot;false&quot;,&quot;hoteller_ext_is_smoove&quot;:&quot;false&quot;,&quot;hoteller_ext_is_parallax_mouse&quot;:&quot;false&quot;,&quot;hoteller_ext_is_infinite&quot;:&quot;false&quot;,&quot;hoteller_ext_is_fadeout_animation&quot;:&quot;false&quot;,&quot;hoteller_ext_mobile_static&quot;:&quot;false&quot;,&quot;premium_particles_zindex&quot;:0,&quot;premium_particles_responsive&quot;:[&quot;desktop&quot;,&quot;tablet&quot;,&quot;mobile&quot;]}\" data-core-v316-plus=\"true\">\n\t\t\t\t\t<div class=\"e-con-inner\">\n\t\t\t\t<div class=\"elementor-element elementor-element-51ebdb0 elementor-widget elementor-widget-text-editor\" data-id=\"51ebdb0\" data-element_type=\"widget\" data-settings=\"{&quot;hoteller_ext_link_sidemenu&quot;:&quot;false&quot;,&quot;hoteller_ext_link_fullmenu&quot;:&quot;false&quot;,&quot;hoteller_ext_link_closed_fullmenu&quot;:&quot;false&quot;,&quot;hoteller_ext_is_scrollme&quot;:&quot;false&quot;,&quot;hoteller_ext_is_smoove&quot;:&quot;false&quot;,&quot;hoteller_ext_is_parallax_mouse&quot;:&quot;false&quot;,&quot;hoteller_ext_is_infinite&quot;:&quot;false&quot;,&quot;hoteller_ext_is_fadeout_animation&quot;:&quot;false&quot;,&quot;hoteller_ext_mobile_static&quot;:&quot;false&quot;}\" data-widget_type=\"text-editor.default\">\n\t\t\t\t<div class=\"elementor-widget-container\">\n\t\t\t<style>\/*! elementor - v3.19.0 - 28-02-2024 *\/\n.elementor-widget-text-editor.elementor-drop-cap-view-stacked .elementor-drop-cap{background-color:#69727d;color:#fff}.elementor-widget-text-editor.elementor-drop-cap-view-framed .elementor-drop-cap{color:#69727d;border:3px solid;background-color:transparent}.elementor-widget-text-editor:not(.elementor-drop-cap-view-default) .elementor-drop-cap{margin-top:8px}.elementor-widget-text-editor:not(.elementor-drop-cap-view-default) .elementor-drop-cap-letter{width:1em;height:1em}.elementor-widget-text-editor .elementor-drop-cap{float:left;text-align:center;line-height:1;font-size:50px}.elementor-widget-text-editor .elementor-drop-cap-letter{display:inline-block}<\/style>\t\t\t\t<h3>Discover nature at Ch\u00e2telet, a preserved space where calm, landscapes and authenticity invite you to slow down and reconnect with what is essential.<\/h3>\t\t\t\t\t\t<\/div>\n\t\t\t\t<\/div>\n\t\t\t\t\t<\/div>\n\t\t\t\t<\/div>\n\t\t<div class=\"elementor-element elementor-element-8ef24c0 e-flex e-con-boxed elementor-invisible e-con e-parent\" data-id=\"8ef24c0\" data-element_type=\"container\" data-settings=\"{&quot;animation&quot;:&quot;fadeIn&quot;,&quot;animation_delay&quot;:1100,&quot;content_width&quot;:&quot;boxed&quot;,&quot;hoteller_ext_is_background_parallax&quot;:&quot;false&quot;,&quot;hoteller_ext_is_background_on_scroll&quot;:&quot;false&quot;,&quot;hoteller_ext_link_sidemenu&quot;:&quot;false&quot;,&quot;hoteller_ext_link_fullmenu&quot;:&quot;false&quot;,&quot;hoteller_ext_link_closed_fullmenu&quot;:&quot;false&quot;,&quot;hoteller_ext_is_scrollme&quot;:&quot;false&quot;,&quot;hoteller_ext_is_smoove&quot;:&quot;false&quot;,&quot;hoteller_ext_is_parallax_mouse&quot;:&quot;false&quot;,&quot;hoteller_ext_is_infinite&quot;:&quot;false&quot;,&quot;hoteller_ext_is_fadeout_animation&quot;:&quot;false&quot;,&quot;hoteller_ext_mobile_static&quot;:&quot;false&quot;,&quot;premium_particles_zindex&quot;:0,&quot;premium_particles_responsive&quot;:[&quot;desktop&quot;,&quot;tablet&quot;,&quot;mobile&quot;]}\" data-core-v316-plus=\"true\">\n\t\t\t\t\t<div class=\"e-con-inner\">\n\t\t\t\t<div class=\"elementor-element elementor-element-97fcb64 elementor-widget elementor-widget-image-gallery\" data-id=\"97fcb64\" data-element_type=\"widget\" data-settings=\"{&quot;hoteller_ext_link_sidemenu&quot;:&quot;false&quot;,&quot;hoteller_ext_link_fullmenu&quot;:&quot;false&quot;,&quot;hoteller_ext_link_closed_fullmenu&quot;:&quot;false&quot;,&quot;hoteller_ext_is_scrollme&quot;:&quot;false&quot;,&quot;hoteller_ext_is_smoove&quot;:&quot;false&quot;,&quot;hoteller_ext_is_parallax_mouse&quot;:&quot;false&quot;,&quot;hoteller_ext_is_infinite&quot;:&quot;false&quot;,&quot;hoteller_ext_is_fadeout_animation&quot;:&quot;false&quot;,&quot;hoteller_ext_mobile_static&quot;:&quot;false&quot;}\" data-widget_type=\"image-gallery.default\">\n\t\t\t\t<div class=\"elementor-widget-container\">\n\t\t\t<style>\/*! elementor - v3.19.0 - 28-02-2024 *\/\n.elementor-image-gallery .gallery-item{display:inline-block;text-align:center;vertical-align:top;width:100%;max-width:100%;margin:0 auto}.elementor-image-gallery .gallery-item img{margin:0 auto}.elementor-image-gallery .gallery-item .gallery-caption{margin:0}.elementor-image-gallery figure img{display:block}.elementor-image-gallery figure figcaption{width:100%}.gallery-spacing-custom .elementor-image-gallery .gallery-icon{padding:0}@media (min-width:768px){.elementor-image-gallery .gallery-columns-2 .gallery-item{max-width:50%}.elementor-image-gallery .gallery-columns-3 .gallery-item{max-width:33.33%}.elementor-image-gallery .gallery-columns-4 .gallery-item{max-width:25%}.elementor-image-gallery .gallery-columns-5 .gallery-item{max-width:20%}.elementor-image-gallery .gallery-columns-6 .gallery-item{max-width:16.666%}.elementor-image-gallery .gallery-columns-7 .gallery-item{max-width:14.28%}.elementor-image-gallery .gallery-columns-8 .gallery-item{max-width:12.5%}.elementor-image-gallery .gallery-columns-9 .gallery-item{max-width:11.11%}.elementor-image-gallery .gallery-columns-10 .gallery-item{max-width:10%}}@media (min-width:480px) and (max-width:767px){.elementor-image-gallery .gallery.gallery-columns-2 .gallery-item,.elementor-image-gallery .gallery.gallery-columns-3 .gallery-item,.elementor-image-gallery .gallery.gallery-columns-4 .gallery-item,.elementor-image-gallery .gallery.gallery-columns-5 .gallery-item,.elementor-image-gallery .gallery.gallery-columns-6 .gallery-item,.elementor-image-gallery .gallery.gallery-columns-7 .gallery-item,.elementor-image-gallery .gallery.gallery-columns-8 .gallery-item,.elementor-image-gallery .gallery.gallery-columns-9 .gallery-item,.elementor-image-gallery .gallery.gallery-columns-10 .gallery-item{max-width:50%}}@media (max-width:479px){.elementor-image-gallery .gallery.gallery-columns-2 .gallery-item,.elementor-image-gallery .gallery.gallery-columns-3 .gallery-item,.elementor-image-gallery .gallery.gallery-columns-4 .gallery-item,.elementor-image-gallery .gallery.gallery-columns-5 .gallery-item,.elementor-image-gallery .gallery.gallery-columns-6 .gallery-item,.elementor-image-gallery .gallery.gallery-columns-7 .gallery-item,.elementor-image-gallery .gallery.gallery-columns-8 .gallery-item,.elementor-image-gallery .gallery.gallery-columns-9 .gallery-item,.elementor-image-gallery .gallery.gallery-columns-10 .gallery-item{max-width:100%}}<\/style>\t\t<div class=\"elementor-image-gallery\">\n\t\t\t\n\t\t<style type=\"text\/css\">\n\t\t\t#gallery-1 {\n\t\t\t\tmargin: auto;\n\t\t\t}\n\t\t\t#gallery-1 .gallery-item {\n\t\t\t\tfloat: left;\n\t\t\t\tmargin-top: 10px;\n\t\t\t\ttext-align: center;\n\t\t\t\twidth: 25%;\n\t\t\t}\n\t\t\t#gallery-1 img {\n\t\t\t\tborder: 2px solid #cfcfcf;\n\t\t\t}\n\t\t\t#gallery-1 .gallery-caption {\n\t\t\t\tmargin-left: 0;\n\t\t\t}\n\t\t\t\/* see gallery_shortcode() in wp-includes\/media.php *\/\n\t\t<\/style>\n\t\t<div id='gallery-1' class='gallery galleryid-3525 gallery-columns-4 gallery-size-thumbnail'><dl class='gallery-item'>\n\t\t\t<dt class='gallery-icon landscape'>\n\t\t\t\t<a data-elementor-open-lightbox=\"yes\" data-elementor-lightbox-slideshow=\"97fcb64\" data-elementor-lightbox-title=\"Pouillot v\u00e9loce\" data-e-action-hash=\"#elementor-action%3Aaction%3Dlightbox%26settings%3DeyJpZCI6MzUyNywidXJsIjoiaHR0cHM6XC9cL2xlY2hhdGVsZXQtbG9pcmV2YWxsZXkuZnJcL3dwLWNvbnRlbnRcL3VwbG9hZHNcLzIwMjZcLzAzXC9Qb3VpbGxvdC12ZWxvY2Utc2NhbGVkLmpwZyIsInNsaWRlc2hvdyI6Ijk3ZmNiNjQifQ%3D%3D\" href='https:\/\/lechatelet-loirevalley.fr\/wp-content\/uploads\/2026\/03\/Pouillot-veloce-scaled.jpg'><img decoding=\"async\" width=\"150\" height=\"150\" src=\"https:\/\/lechatelet-loirevalley.fr\/wp-content\/uploads\/2026\/03\/Pouillot-veloce-150x150.jpg\" class=\"attachment-thumbnail size-thumbnail\" alt=\"\" aria-describedby=\"gallery-1-3527\" srcset=\"https:\/\/lechatelet-loirevalley.fr\/wp-content\/uploads\/2026\/03\/Pouillot-veloce-150x150.jpg 150w, https:\/\/lechatelet-loirevalley.fr\/wp-content\/uploads\/2026\/03\/Pouillot-veloce-610x610.jpg 610w\" sizes=\"(max-width: 150px) 100vw, 150px\" \/><\/a>\n\t\t\t<\/dt>\n\t\t\t\t<dd class='wp-caption-text gallery-caption' id='gallery-1-3527'>\n\t\t\t\tPouillot V\u00e9loce\n\t\t\t\t<\/dd><\/dl><dl class='gallery-item'>\n\t\t\t<dt class='gallery-icon portrait'>\n\t\t\t\t<a data-elementor-open-lightbox=\"yes\" data-elementor-lightbox-slideshow=\"97fcb64\" data-elementor-lightbox-title=\"rouge queue noir 2\" data-e-action-hash=\"#elementor-action%3Aaction%3Dlightbox%26settings%3DeyJpZCI6MzUyOCwidXJsIjoiaHR0cHM6XC9cL2xlY2hhdGVsZXQtbG9pcmV2YWxsZXkuZnJcL3dwLWNvbnRlbnRcL3VwbG9hZHNcLzIwMjZcLzAzXC9yb3VnZS1xdWV1ZS1ub2lyLTItc2NhbGVkLmpwZyIsInNsaWRlc2hvdyI6Ijk3ZmNiNjQifQ%3D%3D\" href='https:\/\/lechatelet-loirevalley.fr\/wp-content\/uploads\/2026\/03\/rouge-queue-noir-2-scaled.jpg'><img decoding=\"async\" width=\"150\" height=\"150\" src=\"https:\/\/lechatelet-loirevalley.fr\/wp-content\/uploads\/2026\/03\/rouge-queue-noir-2-150x150.jpg\" class=\"attachment-thumbnail size-thumbnail\" alt=\"\" aria-describedby=\"gallery-1-3528\" srcset=\"https:\/\/lechatelet-loirevalley.fr\/wp-content\/uploads\/2026\/03\/rouge-queue-noir-2-150x150.jpg 150w, https:\/\/lechatelet-loirevalley.fr\/wp-content\/uploads\/2026\/03\/rouge-queue-noir-2-610x610.jpg 610w\" sizes=\"(max-width: 150px) 100vw, 150px\" \/><\/a>\n\t\t\t<\/dt>\n\t\t\t\t<dd class='wp-caption-text gallery-caption' id='gallery-1-3528'>\n\t\t\t\tRouge Queue noir \n\t\t\t\t<\/dd><\/dl><dl class='gallery-item'>\n\t\t\t<dt class='gallery-icon landscape'>\n\t\t\t\t<a data-elementor-open-lightbox=\"yes\" data-elementor-lightbox-slideshow=\"97fcb64\" data-elementor-lightbox-title=\"Rouge queue noir 3\" data-e-action-hash=\"#elementor-action%3Aaction%3Dlightbox%26settings%3DeyJpZCI6MzUyOSwidXJsIjoiaHR0cHM6XC9cL2xlY2hhdGVsZXQtbG9pcmV2YWxsZXkuZnJcL3dwLWNvbnRlbnRcL3VwbG9hZHNcLzIwMjZcLzAzXC9Sb3VnZS1xdWV1ZS1ub2lyLTMtc2NhbGVkLmpwZyIsInNsaWRlc2hvdyI6Ijk3ZmNiNjQifQ%3D%3D\" href='https:\/\/lechatelet-loirevalley.fr\/wp-content\/uploads\/2026\/03\/Rouge-queue-noir-3-scaled.jpg'><img decoding=\"async\" width=\"150\" height=\"150\" src=\"https:\/\/lechatelet-loirevalley.fr\/wp-content\/uploads\/2026\/03\/Rouge-queue-noir-3-150x150.jpg\" class=\"attachment-thumbnail size-thumbnail\" alt=\"\" aria-describedby=\"gallery-1-3529\" srcset=\"https:\/\/lechatelet-loirevalley.fr\/wp-content\/uploads\/2026\/03\/Rouge-queue-noir-3-150x150.jpg 150w, https:\/\/lechatelet-loirevalley.fr\/wp-content\/uploads\/2026\/03\/Rouge-queue-noir-3-300x300.jpg 300w, https:\/\/lechatelet-loirevalley.fr\/wp-content\/uploads\/2026\/03\/Rouge-queue-noir-3-1024x1024.jpg 1024w, https:\/\/lechatelet-loirevalley.fr\/wp-content\/uploads\/2026\/03\/Rouge-queue-noir-3-768x768.jpg 768w, https:\/\/lechatelet-loirevalley.fr\/wp-content\/uploads\/2026\/03\/Rouge-queue-noir-3-1536x1536.jpg 1536w, https:\/\/lechatelet-loirevalley.fr\/wp-content\/uploads\/2026\/03\/Rouge-queue-noir-3-2048x2048.jpg 2048w, https:\/\/lechatelet-loirevalley.fr\/wp-content\/uploads\/2026\/03\/Rouge-queue-noir-3-12x12.jpg 12w, https:\/\/lechatelet-loirevalley.fr\/wp-content\/uploads\/2026\/03\/Rouge-queue-noir-3-440x440.jpg 440w, https:\/\/lechatelet-loirevalley.fr\/wp-content\/uploads\/2026\/03\/Rouge-queue-noir-3-610x610.jpg 610w\" sizes=\"(max-width: 150px) 100vw, 150px\" \/><\/a>\n\t\t\t<\/dt>\n\t\t\t\t<dd class='wp-caption-text gallery-caption' id='gallery-1-3529'>\n\t\t\t\tRouge Queue noir \n\t\t\t\t<\/dd><\/dl><dl class='gallery-item'>\n\t\t\t<dt class='gallery-icon landscape'>\n\t\t\t\t<a data-elementor-open-lightbox=\"yes\" data-elementor-lightbox-slideshow=\"97fcb64\" data-elementor-lightbox-title=\"Rouge queue noir\" data-e-action-hash=\"#elementor-action%3Aaction%3Dlightbox%26settings%3DeyJpZCI6MzUzMSwidXJsIjoiaHR0cHM6XC9cL2xlY2hhdGVsZXQtbG9pcmV2YWxsZXkuZnJcL3dwLWNvbnRlbnRcL3VwbG9hZHNcLzIwMjZcLzAzXC9Sb3VnZS1xdWV1ZS1ub2lyLXNjYWxlZC5qcGciLCJzbGlkZXNob3ciOiI5N2ZjYjY0In0%3D\" href='https:\/\/lechatelet-loirevalley.fr\/wp-content\/uploads\/2026\/03\/Rouge-queue-noir-scaled.jpg'><img loading=\"lazy\" decoding=\"async\" width=\"150\" height=\"150\" src=\"https:\/\/lechatelet-loirevalley.fr\/wp-content\/uploads\/2026\/03\/Rouge-queue-noir-150x150.jpg\" class=\"attachment-thumbnail size-thumbnail\" alt=\"\" aria-describedby=\"gallery-1-3531\" srcset=\"https:\/\/lechatelet-loirevalley.fr\/wp-content\/uploads\/2026\/03\/Rouge-queue-noir-150x150.jpg 150w, https:\/\/lechatelet-loirevalley.fr\/wp-content\/uploads\/2026\/03\/Rouge-queue-noir-300x300.jpg 300w, https:\/\/lechatelet-loirevalley.fr\/wp-content\/uploads\/2026\/03\/Rouge-queue-noir-1024x1024.jpg 1024w, https:\/\/lechatelet-loirevalley.fr\/wp-content\/uploads\/2026\/03\/Rouge-queue-noir-768x768.jpg 768w, https:\/\/lechatelet-loirevalley.fr\/wp-content\/uploads\/2026\/03\/Rouge-queue-noir-1536x1536.jpg 1536w, https:\/\/lechatelet-loirevalley.fr\/wp-content\/uploads\/2026\/03\/Rouge-queue-noir-2048x2048.jpg 2048w, https:\/\/lechatelet-loirevalley.fr\/wp-content\/uploads\/2026\/03\/Rouge-queue-noir-12x12.jpg 12w, https:\/\/lechatelet-loirevalley.fr\/wp-content\/uploads\/2026\/03\/Rouge-queue-noir-440x440.jpg 440w, https:\/\/lechatelet-loirevalley.fr\/wp-content\/uploads\/2026\/03\/Rouge-queue-noir-610x610.jpg 610w\" sizes=\"(max-width: 150px) 100vw, 150px\" \/><\/a>\n\t\t\t<\/dt>\n\t\t\t\t<dd class='wp-caption-text gallery-caption' id='gallery-1-3531'>\n\t\t\t\tRouge Queue noir \n\t\t\t\t<\/dd><\/dl><br style=\"clear: both\" \/><dl class='gallery-item'>\n\t\t\t<dt class='gallery-icon landscape'>\n\t\t\t\t<a data-elementor-open-lightbox=\"yes\" data-elementor-lightbox-slideshow=\"97fcb64\" data-elementor-lightbox-title=\"troglodyte mignon\" data-e-action-hash=\"#elementor-action%3Aaction%3Dlightbox%26settings%3DeyJpZCI6MzUzMywidXJsIjoiaHR0cHM6XC9cL2xlY2hhdGVsZXQtbG9pcmV2YWxsZXkuZnJcL3dwLWNvbnRlbnRcL3VwbG9hZHNcLzIwMjZcLzAzXC90cm9nbG9keXRlLW1pZ25vbi1zY2FsZWQuanBnIiwic2xpZGVzaG93IjoiOTdmY2I2NCJ9\" href='https:\/\/lechatelet-loirevalley.fr\/wp-content\/uploads\/2026\/03\/troglodyte-mignon-scaled.jpg'><img loading=\"lazy\" decoding=\"async\" width=\"150\" height=\"150\" src=\"https:\/\/lechatelet-loirevalley.fr\/wp-content\/uploads\/2026\/03\/troglodyte-mignon-150x150.jpg\" class=\"attachment-thumbnail size-thumbnail\" alt=\"\" aria-describedby=\"gallery-1-3533\" srcset=\"https:\/\/lechatelet-loirevalley.fr\/wp-content\/uploads\/2026\/03\/troglodyte-mignon-150x150.jpg 150w, https:\/\/lechatelet-loirevalley.fr\/wp-content\/uploads\/2026\/03\/troglodyte-mignon-610x610.jpg 610w\" sizes=\"(max-width: 150px) 100vw, 150px\" \/><\/a>\n\t\t\t<\/dt>\n\t\t\t\t<dd class='wp-caption-text gallery-caption' id='gallery-1-3533'>\n\t\t\t\tTroglodyte Mignon\n\t\t\t\t<\/dd><\/dl><dl class='gallery-item'>\n\t\t\t<dt class='gallery-icon landscape'>\n\t\t\t\t<a data-elementor-open-lightbox=\"yes\" data-elementor-lightbox-slideshow=\"97fcb64\" data-elementor-lightbox-title=\"Chardonneret \u00e9l\u00e9gant\" data-e-action-hash=\"#elementor-action%3Aaction%3Dlightbox%26settings%3DeyJpZCI6MzUzNCwidXJsIjoiaHR0cHM6XC9cL2xlY2hhdGVsZXQtbG9pcmV2YWxsZXkuZnJcL3dwLWNvbnRlbnRcL3VwbG9hZHNcLzIwMjZcLzAzXC9DaGFyZG9ubmVyZXQtZWxlZ2FudC1zY2FsZWQuanBnIiwic2xpZGVzaG93IjoiOTdmY2I2NCJ9\" href='https:\/\/lechatelet-loirevalley.fr\/wp-content\/uploads\/2026\/03\/Chardonneret-elegant-scaled.jpg'><img loading=\"lazy\" decoding=\"async\" width=\"150\" height=\"150\" src=\"https:\/\/lechatelet-loirevalley.fr\/wp-content\/uploads\/2026\/03\/Chardonneret-elegant-150x150.jpg\" class=\"attachment-thumbnail size-thumbnail\" alt=\"\" aria-describedby=\"gallery-1-3534\" srcset=\"https:\/\/lechatelet-loirevalley.fr\/wp-content\/uploads\/2026\/03\/Chardonneret-elegant-150x150.jpg 150w, https:\/\/lechatelet-loirevalley.fr\/wp-content\/uploads\/2026\/03\/Chardonneret-elegant-610x610.jpg 610w\" sizes=\"(max-width: 150px) 100vw, 150px\" \/><\/a>\n\t\t\t<\/dt>\n\t\t\t\t<dd class='wp-caption-text gallery-caption' id='gallery-1-3534'>\n\t\t\t\tChardonneret \u00e9l\u00e9gant\n\t\t\t\t<\/dd><\/dl><dl class='gallery-item'>\n\t\t\t<dt class='gallery-icon landscape'>\n\t\t\t\t<a data-elementor-open-lightbox=\"yes\" data-elementor-lightbox-slideshow=\"97fcb64\" data-elementor-lightbox-title=\"Etourneau sansonnet\" data-e-action-hash=\"#elementor-action%3Aaction%3Dlightbox%26settings%3DeyJpZCI6MzUzNSwidXJsIjoiaHR0cHM6XC9cL2xlY2hhdGVsZXQtbG9pcmV2YWxsZXkuZnJcL3dwLWNvbnRlbnRcL3VwbG9hZHNcLzIwMjZcLzAzXC9FdG91cm5lYXUtc2Fuc29ubmV0LXNjYWxlZC5qcGciLCJzbGlkZXNob3ciOiI5N2ZjYjY0In0%3D\" href='https:\/\/lechatelet-loirevalley.fr\/wp-content\/uploads\/2026\/03\/Etourneau-sansonnet-scaled.jpg'><img loading=\"lazy\" decoding=\"async\" width=\"150\" height=\"150\" src=\"https:\/\/lechatelet-loirevalley.fr\/wp-content\/uploads\/2026\/03\/Etourneau-sansonnet-150x150.jpg\" class=\"attachment-thumbnail size-thumbnail\" alt=\"\" aria-describedby=\"gallery-1-3535\" srcset=\"https:\/\/lechatelet-loirevalley.fr\/wp-content\/uploads\/2026\/03\/Etourneau-sansonnet-150x150.jpg 150w, https:\/\/lechatelet-loirevalley.fr\/wp-content\/uploads\/2026\/03\/Etourneau-sansonnet-610x610.jpg 610w\" sizes=\"(max-width: 150px) 100vw, 150px\" \/><\/a>\n\t\t\t<\/dt>\n\t\t\t\t<dd class='wp-caption-text gallery-caption' id='gallery-1-3535'>\n\t\t\t\tEtourneau sansonnet\n\t\t\t\t<\/dd><\/dl><dl class='gallery-item'>\n\t\t\t<dt class='gallery-icon landscape'>\n\t\t\t\t<a data-elementor-open-lightbox=\"yes\" data-elementor-lightbox-slideshow=\"97fcb64\" data-elementor-lightbox-title=\"Hirondelle rustique\" data-e-action-hash=\"#elementor-action%3Aaction%3Dlightbox%26settings%3DeyJpZCI6MzUzNywidXJsIjoiaHR0cHM6XC9cL2xlY2hhdGVsZXQtbG9pcmV2YWxsZXkuZnJcL3dwLWNvbnRlbnRcL3VwbG9hZHNcLzIwMjZcLzAzXC9IaXJvbmRlbGxlLXJ1c3RpcXVlLXNjYWxlZC5qcGciLCJzbGlkZXNob3ciOiI5N2ZjYjY0In0%3D\" href='https:\/\/lechatelet-loirevalley.fr\/wp-content\/uploads\/2026\/03\/Hirondelle-rustique-scaled.jpg'><img loading=\"lazy\" decoding=\"async\" width=\"150\" height=\"150\" src=\"https:\/\/lechatelet-loirevalley.fr\/wp-content\/uploads\/2026\/03\/Hirondelle-rustique-150x150.jpg\" class=\"attachment-thumbnail size-thumbnail\" alt=\"\" aria-describedby=\"gallery-1-3537\" srcset=\"https:\/\/lechatelet-loirevalley.fr\/wp-content\/uploads\/2026\/03\/Hirondelle-rustique-150x150.jpg 150w, https:\/\/lechatelet-loirevalley.fr\/wp-content\/uploads\/2026\/03\/Hirondelle-rustique-610x610.jpg 610w\" sizes=\"(max-width: 150px) 100vw, 150px\" \/><\/a>\n\t\t\t<\/dt>\n\t\t\t\t<dd class='wp-caption-text gallery-caption' id='gallery-1-3537'>\n\t\t\t\tHirondelle rustique\n\t\t\t\t<\/dd><\/dl><br style=\"clear: both\" \/><dl class='gallery-item'>\n\t\t\t<dt class='gallery-icon landscape'>\n\t\t\t\t<a data-elementor-open-lightbox=\"yes\" data-elementor-lightbox-slideshow=\"97fcb64\" data-elementor-lightbox-title=\"m\u00e9sange bleue\" data-e-action-hash=\"#elementor-action%3Aaction%3Dlightbox%26settings%3DeyJpZCI6MzUzOCwidXJsIjoiaHR0cHM6XC9cL2xlY2hhdGVsZXQtbG9pcmV2YWxsZXkuZnJcL3dwLWNvbnRlbnRcL3VwbG9hZHNcLzIwMjZcLzAzXC9tZXNhbmdlLWJsZXVlLXNjYWxlZC5qcGciLCJzbGlkZXNob3ciOiI5N2ZjYjY0In0%3D\" href='https:\/\/lechatelet-loirevalley.fr\/wp-content\/uploads\/2026\/03\/mesange-bleue-scaled.jpg'><img loading=\"lazy\" decoding=\"async\" width=\"150\" height=\"150\" src=\"https:\/\/lechatelet-loirevalley.fr\/wp-content\/uploads\/2026\/03\/mesange-bleue-150x150.jpg\" class=\"attachment-thumbnail size-thumbnail\" alt=\"\" aria-describedby=\"gallery-1-3538\" srcset=\"https:\/\/lechatelet-loirevalley.fr\/wp-content\/uploads\/2026\/03\/mesange-bleue-150x150.jpg 150w, https:\/\/lechatelet-loirevalley.fr\/wp-content\/uploads\/2026\/03\/mesange-bleue-610x610.jpg 610w\" sizes=\"(max-width: 150px) 100vw, 150px\" \/><\/a>\n\t\t\t<\/dt>\n\t\t\t\t<dd class='wp-caption-text gallery-caption' id='gallery-1-3538'>\n\t\t\t\tm\u00e9sange bleue\n\t\t\t\t<\/dd><\/dl><dl class='gallery-item'>\n\t\t\t<dt class='gallery-icon portrait'>\n\t\t\t\t<a data-elementor-open-lightbox=\"yes\" data-elementor-lightbox-slideshow=\"97fcb64\" data-elementor-lightbox-title=\"M\u00e9sante bleue 2\" data-e-action-hash=\"#elementor-action%3Aaction%3Dlightbox%26settings%3DeyJpZCI6MzUzOSwidXJsIjoiaHR0cHM6XC9cL2xlY2hhdGVsZXQtbG9pcmV2YWxsZXkuZnJcL3dwLWNvbnRlbnRcL3VwbG9hZHNcLzIwMjZcLzAzXC9NZXNhbnRlLWJsZXVlLTItc2NhbGVkLmpwZyIsInNsaWRlc2hvdyI6Ijk3ZmNiNjQifQ%3D%3D\" href='https:\/\/lechatelet-loirevalley.fr\/wp-content\/uploads\/2026\/03\/Mesante-bleue-2-scaled.jpg'><img loading=\"lazy\" decoding=\"async\" width=\"150\" height=\"150\" src=\"https:\/\/lechatelet-loirevalley.fr\/wp-content\/uploads\/2026\/03\/Mesante-bleue-2-150x150.jpg\" class=\"attachment-thumbnail size-thumbnail\" alt=\"\" aria-describedby=\"gallery-1-3539\" srcset=\"https:\/\/lechatelet-loirevalley.fr\/wp-content\/uploads\/2026\/03\/Mesante-bleue-2-150x150.jpg 150w, https:\/\/lechatelet-loirevalley.fr\/wp-content\/uploads\/2026\/03\/Mesante-bleue-2-610x610.jpg 610w\" sizes=\"(max-width: 150px) 100vw, 150px\" \/><\/a>\n\t\t\t<\/dt>\n\t\t\t\t<dd class='wp-caption-text gallery-caption' id='gallery-1-3539'>\n\t\t\t\tM\u00e9sante bleue 2\n\t\t\t\t<\/dd><\/dl><dl class='gallery-item'>\n\t\t\t<dt class='gallery-icon portrait'>\n\t\t\t\t<a data-elementor-open-lightbox=\"yes\" data-elementor-lightbox-slideshow=\"97fcb64\" data-elementor-lightbox-title=\"pinsons des arbres\" data-e-action-hash=\"#elementor-action%3Aaction%3Dlightbox%26settings%3DeyJpZCI6MzU0MSwidXJsIjoiaHR0cHM6XC9cL2xlY2hhdGVsZXQtbG9pcmV2YWxsZXkuZnJcL3dwLWNvbnRlbnRcL3VwbG9hZHNcLzIwMjZcLzAzXC9waW5zb25zLWRlcy1hcmJyZXMtc2NhbGVkLmpwZyIsInNsaWRlc2hvdyI6Ijk3ZmNiNjQifQ%3D%3D\" href='https:\/\/lechatelet-loirevalley.fr\/wp-content\/uploads\/2026\/03\/pinsons-des-arbres-scaled.jpg'><img loading=\"lazy\" decoding=\"async\" width=\"150\" height=\"150\" src=\"https:\/\/lechatelet-loirevalley.fr\/wp-content\/uploads\/2026\/03\/pinsons-des-arbres-150x150.jpg\" class=\"attachment-thumbnail size-thumbnail\" alt=\"\" aria-describedby=\"gallery-1-3541\" srcset=\"https:\/\/lechatelet-loirevalley.fr\/wp-content\/uploads\/2026\/03\/pinsons-des-arbres-150x150.jpg 150w, https:\/\/lechatelet-loirevalley.fr\/wp-content\/uploads\/2026\/03\/pinsons-des-arbres-610x610.jpg 610w\" sizes=\"(max-width: 150px) 100vw, 150px\" \/><\/a>\n\t\t\t<\/dt>\n\t\t\t\t<dd class='wp-caption-text gallery-caption' id='gallery-1-3541'>\n\t\t\t\tpinsons des arbres\n\t\t\t\t<\/dd><\/dl>\n\t\t\t<br style='clear: both' \/>\n\t\t<\/div>\n\t\t<\/div>\n\t\t\t\t<\/div>\n\t\t\t\t<\/div>\n\t\t\t\t\t<\/div>\n\t\t\t\t<\/div>\n\t\t\t\t<\/div>","protected":false},"excerpt":{"rendered":"<p>D\u00e9couvrez la nature au Ch\u00e2telet, un espace pr\u00e9serv\u00e9 o\u00f9 le calme, les paysages et l\u2019authenticit\u00e9 invitent \u00e0 ralentir et \u00e0 se reconnecter \u00e0 l\u2019essentiel. Pouillot V\u00e9loce Rouge Queue noir Rouge Queue noir Rouge Queue noir Troglodyte Mignon Chardonneret \u00e9l\u00e9gant Etourneau [&hellip;]<\/p>","protected":false},"author":3,"featured_media":0,"parent":0,"menu_order":0,"comment_status":"closed","ping_status":"closed","template":"","meta":{"footnotes":""},"class_list":["post-3525","page","type-page","status-publish","hentry"],"_links":{"self":[{"href":"https:\/\/lechatelet-loirevalley.fr\/en\/wp-json\/wp\/v2\/pages\/3525","targetHints":{"allow":["GET"]}}],"collection":[{"href":"https:\/\/lechatelet-loirevalley.fr\/en\/wp-json\/wp\/v2\/pages"}],"about":[{"href":"https:\/\/lechatelet-loirevalley.fr\/en\/wp-json\/wp\/v2\/types\/page"}],"author":[{"embeddable":true,"href":"https:\/\/lechatelet-loirevalley.fr\/en\/wp-json\/wp\/v2\/users\/3"}],"replies":[{"embeddable":true,"href":"https:\/\/lechatelet-loirevalley.fr\/en\/wp-json\/wp\/v2\/comments?post=3525"}],"version-history":[{"count":11,"href":"https:\/\/lechatelet-loirevalley.fr\/en\/wp-json\/wp\/v2\/pages\/3525\/revisions"}],"predecessor-version":[{"id":3578,"href":"https:\/\/lechatelet-loirevalley.fr\/en\/wp-json\/wp\/v2\/pages\/3525\/revisions\/3578"}],"wp:attachment":[{"href":"https:\/\/lechatelet-loirevalley.fr\/en\/wp-json\/wp\/v2\/media?parent=3525"}],"curies":[{"name":"wp","href":"https:\/\/api.w.org\/{rel}","templated":true}]}}