{"id":3459,"date":"2026-03-25T09:24:33","date_gmt":"2026-03-25T08:24:33","guid":{"rendered":"https:\/\/lechatelet-loirevalley.fr\/?page_id=3459"},"modified":"2026-05-06T10:46:51","modified_gmt":"2026-05-06T08:46:51","slug":"infos-pratiques","status":"publish","type":"page","link":"https:\/\/lechatelet-loirevalley.fr\/en\/infos-pratiques\/","title":{"rendered":"Practical information"},"content":{"rendered":"<div data-elementor-type=\"wp-page\" data-elementor-id=\"3459\" class=\"elementor elementor-3459\" data-elementor-settings=\"{&quot;premium_particles_zindex&quot;:0,&quot;premium_particles_responsive&quot;:[&quot;desktop&quot;,&quot;tablet&quot;,&quot;mobile&quot;]}\" data-elementor-post-type=\"page\">\n\t\t\t\t<div class=\"elementor-element elementor-element-3e36b62 e-flex e-con-boxed e-con e-parent\" data-id=\"3e36b62\" data-element_type=\"container\" data-settings=\"{&quot;background_background&quot;:&quot;classic&quot;,&quot;content_width&quot;:&quot;boxed&quot;,&quot;hoteller_ext_is_background_parallax&quot;:&quot;false&quot;,&quot;hoteller_ext_is_background_on_scroll&quot;:&quot;false&quot;,&quot;hoteller_ext_link_sidemenu&quot;:&quot;false&quot;,&quot;hoteller_ext_link_fullmenu&quot;:&quot;false&quot;,&quot;hoteller_ext_link_closed_fullmenu&quot;:&quot;false&quot;,&quot;hoteller_ext_is_scrollme&quot;:&quot;false&quot;,&quot;hoteller_ext_is_smoove&quot;:&quot;false&quot;,&quot;hoteller_ext_is_parallax_mouse&quot;:&quot;false&quot;,&quot;hoteller_ext_is_infinite&quot;:&quot;false&quot;,&quot;hoteller_ext_is_fadeout_animation&quot;:&quot;false&quot;,&quot;hoteller_ext_mobile_static&quot;:&quot;false&quot;,&quot;premium_particles_zindex&quot;:0,&quot;premium_particles_responsive&quot;:[&quot;desktop&quot;,&quot;tablet&quot;,&quot;mobile&quot;]}\" data-core-v316-plus=\"true\">\n\t\t\t\t\t<div class=\"e-con-inner\">\n\t\t\t\t<div class=\"elementor-element elementor-element-53f7dd9 elementor-widget elementor-widget-heading\" data-id=\"53f7dd9\" data-element_type=\"widget\" data-settings=\"{&quot;hoteller_ext_link_sidemenu&quot;:&quot;false&quot;,&quot;hoteller_ext_link_fullmenu&quot;:&quot;false&quot;,&quot;hoteller_ext_link_closed_fullmenu&quot;:&quot;false&quot;,&quot;hoteller_ext_is_scrollme&quot;:&quot;false&quot;,&quot;hoteller_ext_is_smoove&quot;:&quot;false&quot;,&quot;hoteller_ext_is_parallax_mouse&quot;:&quot;false&quot;,&quot;hoteller_ext_is_infinite&quot;:&quot;false&quot;,&quot;hoteller_ext_is_fadeout_animation&quot;:&quot;false&quot;,&quot;hoteller_ext_mobile_static&quot;:&quot;false&quot;}\" data-widget_type=\"heading.default\">\n\t\t\t\t<div class=\"elementor-widget-container\">\n\t\t\t<style>\/*! elementor - v3.19.0 - 28-02-2024 *\/\n.elementor-heading-title{padding:0;margin:0;line-height:1}.elementor-widget-heading .elementor-heading-title[class*=elementor-size-]>a{color:inherit;font-size:inherit;line-height:inherit}.elementor-widget-heading .elementor-heading-title.elementor-size-small{font-size:15px}.elementor-widget-heading .elementor-heading-title.elementor-size-medium{font-size:19px}.elementor-widget-heading .elementor-heading-title.elementor-size-large{font-size:29px}.elementor-widget-heading .elementor-heading-title.elementor-size-xl{font-size:39px}.elementor-widget-heading .elementor-heading-title.elementor-size-xxl{font-size:59px}<\/style><h2 class=\"elementor-heading-title elementor-size-default\">Practical Information <\/h2>\t\t<\/div>\n\t\t\t\t<\/div>\n\t\t\t\t\t<\/div>\n\t\t\t\t<\/div>\n\t\t<div class=\"elementor-element elementor-element-a116f3f animated-slow e-flex e-con-boxed elementor-invisible e-con e-parent\" data-id=\"a116f3f\" data-element_type=\"container\" data-settings=\"{&quot;animation&quot;:&quot;fadeIn&quot;,&quot;background_background&quot;:&quot;classic&quot;,&quot;content_width&quot;:&quot;boxed&quot;,&quot;hoteller_ext_is_background_parallax&quot;:&quot;false&quot;,&quot;hoteller_ext_is_background_on_scroll&quot;:&quot;false&quot;,&quot;hoteller_ext_link_sidemenu&quot;:&quot;false&quot;,&quot;hoteller_ext_link_fullmenu&quot;:&quot;false&quot;,&quot;hoteller_ext_link_closed_fullmenu&quot;:&quot;false&quot;,&quot;hoteller_ext_is_scrollme&quot;:&quot;false&quot;,&quot;hoteller_ext_is_smoove&quot;:&quot;false&quot;,&quot;hoteller_ext_is_parallax_mouse&quot;:&quot;false&quot;,&quot;hoteller_ext_is_infinite&quot;:&quot;false&quot;,&quot;hoteller_ext_is_fadeout_animation&quot;:&quot;false&quot;,&quot;hoteller_ext_mobile_static&quot;:&quot;false&quot;,&quot;premium_particles_zindex&quot;:0,&quot;premium_particles_responsive&quot;:[&quot;desktop&quot;,&quot;tablet&quot;,&quot;mobile&quot;]}\" data-core-v316-plus=\"true\">\n\t\t\t\t\t<div class=\"e-con-inner\">\n\t\t\t\t<div class=\"elementor-element elementor-element-d39b942 elementor-widget elementor-widget-text-editor\" data-id=\"d39b942\" data-element_type=\"widget\" data-settings=\"{&quot;hoteller_ext_link_sidemenu&quot;:&quot;false&quot;,&quot;hoteller_ext_link_fullmenu&quot;:&quot;false&quot;,&quot;hoteller_ext_link_closed_fullmenu&quot;:&quot;false&quot;,&quot;hoteller_ext_is_scrollme&quot;:&quot;false&quot;,&quot;hoteller_ext_is_smoove&quot;:&quot;false&quot;,&quot;hoteller_ext_is_parallax_mouse&quot;:&quot;false&quot;,&quot;hoteller_ext_is_infinite&quot;:&quot;false&quot;,&quot;hoteller_ext_is_fadeout_animation&quot;:&quot;false&quot;,&quot;hoteller_ext_mobile_static&quot;:&quot;false&quot;}\" data-widget_type=\"text-editor.default\">\n\t\t\t\t<div class=\"elementor-widget-container\">\n\t\t\t<style>\/*! elementor - v3.19.0 - 28-02-2024 *\/\n.elementor-widget-text-editor.elementor-drop-cap-view-stacked .elementor-drop-cap{background-color:#69727d;color:#fff}.elementor-widget-text-editor.elementor-drop-cap-view-framed .elementor-drop-cap{color:#69727d;border:3px solid;background-color:transparent}.elementor-widget-text-editor:not(.elementor-drop-cap-view-default) .elementor-drop-cap{margin-top:8px}.elementor-widget-text-editor:not(.elementor-drop-cap-view-default) .elementor-drop-cap-letter{width:1em;height:1em}.elementor-widget-text-editor .elementor-drop-cap{float:left;text-align:center;line-height:1;font-size:50px}.elementor-widget-text-editor .elementor-drop-cap-letter{display:inline-block}<\/style>\t\t\t\t<h4>Departure time: 10:00 AM<\/h4><h4>Arrival time: from 4pm to 10pm<\/h4><h4>Free wifi\u00a0 \u00a0 \u00a0 \u00a0<\/h4><h4>Free on-site parking\u00a0 \u00a0<\/h4>\t\t\t\t\t\t<\/div>\n\t\t\t\t<\/div>\n\t\t\t\t<div class=\"elementor-element elementor-element-d055f33 elementor-widget elementor-widget-heading\" data-id=\"d055f33\" data-element_type=\"widget\" data-settings=\"{&quot;hoteller_ext_link_sidemenu&quot;:&quot;false&quot;,&quot;hoteller_ext_link_fullmenu&quot;:&quot;false&quot;,&quot;hoteller_ext_link_closed_fullmenu&quot;:&quot;false&quot;,&quot;hoteller_ext_is_scrollme&quot;:&quot;false&quot;,&quot;hoteller_ext_is_smoove&quot;:&quot;false&quot;,&quot;hoteller_ext_is_parallax_mouse&quot;:&quot;false&quot;,&quot;hoteller_ext_is_infinite&quot;:&quot;false&quot;,&quot;hoteller_ext_is_fadeout_animation&quot;:&quot;false&quot;,&quot;hoteller_ext_mobile_static&quot;:&quot;false&quot;}\" data-widget_type=\"heading.default\">\n\t\t\t\t<div class=\"elementor-widget-container\">\n\t\t\t<h2 class=\"elementor-heading-title elementor-size-default\">Our recommendations <\/h2>\t\t<\/div>\n\t\t\t\t<\/div>\n\t\t\t\t<div class=\"elementor-element elementor-element-2e2f7cd elementor-widget elementor-widget-text-editor\" data-id=\"2e2f7cd\" data-element_type=\"widget\" data-settings=\"{&quot;hoteller_ext_link_sidemenu&quot;:&quot;false&quot;,&quot;hoteller_ext_link_fullmenu&quot;:&quot;false&quot;,&quot;hoteller_ext_link_closed_fullmenu&quot;:&quot;false&quot;,&quot;hoteller_ext_is_scrollme&quot;:&quot;false&quot;,&quot;hoteller_ext_is_smoove&quot;:&quot;false&quot;,&quot;hoteller_ext_is_parallax_mouse&quot;:&quot;false&quot;,&quot;hoteller_ext_is_infinite&quot;:&quot;false&quot;,&quot;hoteller_ext_is_fadeout_animation&quot;:&quot;false&quot;,&quot;hoteller_ext_mobile_static&quot;:&quot;false&quot;}\" data-widget_type=\"text-editor.default\">\n\t\t\t\t<div class=\"elementor-widget-container\">\n\t\t\t\t\t\t\t<h4><a href=\"https:\/\/www.azay-le-rideau.fr\/\" target=\"_blank\" rel=\"noopener\">Azay-le-Rideau Castle<\/a><\/h4><h4><a href=\"https:\/\/www.chateaudelislette.fr\/\" target=\"_blank\" rel=\"noopener\">Islette Castle<\/a><\/h4><h4><a href=\"https:\/\/www.chateauvillandry.fr\/\" target=\"_blank\" rel=\"noopener\">Villandry Castle<\/a><\/h4><h4><a href=\"https:\/\/chateau-de-langeais.com\/\" target=\"_blank\" rel=\"noopener\">Langeais Castle<\/a><\/h4><h4><a href=\"https:\/\/www.chateaudusse.fr\/\" target=\"_blank\" rel=\"noopener\">Uss\u00e9 Castle<\/a><\/h4><h4><a href=\"https:\/\/forteressechinon.fr\/\" target=\"_blank\" rel=\"noopener\">Royal Fortress of Chinon<\/a><\/h4><h4><a href=\"https:\/\/citeroyaleloches.fr\/\" target=\"_blank\" rel=\"noopener\">Royal City of Loches<\/a><\/h4><h4><a href=\"https:\/\/www.chenonceau.com\/\" target=\"_blank\" rel=\"noopener\">Chenonceau Castle<\/a><\/h4><h4><a href=\"https:\/\/www.chateau-amboise.com\/\" target=\"_blank\" rel=\"noopener\">Royal Castle of Amboise<\/a><\/h4><h4><a href=\"https:\/\/www.zoobeauval.com\/\">Beauval Zoo, The Most Beautiful Zoo in France<\/a><\/h4><h4>\u00a0<\/h4>\t\t\t\t\t\t<\/div>\n\t\t\t\t<\/div>\n\t\t\t\t\t<\/div>\n\t\t\t\t<\/div>\n\t\t<div class=\"elementor-element elementor-element-89c1307 e-flex e-con-boxed e-con e-parent\" data-id=\"89c1307\" data-element_type=\"container\" data-settings=\"{&quot;content_width&quot;:&quot;boxed&quot;,&quot;hoteller_ext_is_background_parallax&quot;:&quot;false&quot;,&quot;hoteller_ext_is_background_on_scroll&quot;:&quot;false&quot;,&quot;hoteller_ext_link_sidemenu&quot;:&quot;false&quot;,&quot;hoteller_ext_link_fullmenu&quot;:&quot;false&quot;,&quot;hoteller_ext_link_closed_fullmenu&quot;:&quot;false&quot;,&quot;hoteller_ext_is_scrollme&quot;:&quot;false&quot;,&quot;hoteller_ext_is_smoove&quot;:&quot;false&quot;,&quot;hoteller_ext_is_parallax_mouse&quot;:&quot;false&quot;,&quot;hoteller_ext_is_infinite&quot;:&quot;false&quot;,&quot;hoteller_ext_is_fadeout_animation&quot;:&quot;false&quot;,&quot;hoteller_ext_mobile_static&quot;:&quot;false&quot;,&quot;premium_particles_zindex&quot;:0,&quot;premium_particles_responsive&quot;:[&quot;desktop&quot;,&quot;tablet&quot;,&quot;mobile&quot;]}\" data-core-v316-plus=\"true\">\n\t\t\t\t\t<div class=\"e-con-inner\">\n\t\t\t\t\t<\/div>\n\t\t\t\t<\/div>\n\t\t\t\t<\/div>","protected":false},"excerpt":{"rendered":"<p>Infos Pratiques Heure de d\u00e9part : 10h00 Heure d&rsquo;arriv\u00e9e : de 16hoo \u00e0 22h00 Wifi gratuit\u00a0 \u00a0 \u00a0 \u00a0 Parking gratuit sur place\u00a0 \u00a0 Nos recommandations Ch\u00e2teau d&rsquo;Azay-le-Rideau Ch\u00e2teau de l&rsquo;Islette Ch\u00e2teau de Villandry Ch\u00e2teau de Langeais Ch\u00e2teau D&rsquo;Uss\u00e9 Forteresse [&hellip;]<\/p>","protected":false},"author":3,"featured_media":0,"parent":0,"menu_order":0,"comment_status":"closed","ping_status":"closed","template":"","meta":{"footnotes":""},"class_list":["post-3459","page","type-page","status-publish","hentry"],"yoast_head":"<!-- This site is optimized with the Yoast SEO plugin v27.4 - https:\/\/yoast.com\/product\/yoast-seo-wordpress\/ -->\n<title>Infos pratiques - Le Ch\u00e2telet Loire Valley<\/title>\n<meta name=\"robots\" content=\"index, follow, max-snippet:-1, max-image-preview:large, max-video-preview:-1\" \/>\n<link rel=\"canonical\" href=\"https:\/\/lechatelet-loirevalley.fr\/en\/infos-pratiques\/\" \/>\n<meta property=\"og:locale\" content=\"en_GB\" \/>\n<meta property=\"og:type\" content=\"article\" \/>\n<meta property=\"og:title\" content=\"Infos pratiques - Le Ch\u00e2telet Loire Valley\" \/>\n<meta property=\"og:description\" content=\"Infos Pratiques Heure de d\u00e9part : 10h00 Heure d&rsquo;arriv\u00e9e : de 16hoo \u00e0 22h00 Wifi gratuit\u00a0 \u00a0 \u00a0 \u00a0 Parking gratuit sur place\u00a0 \u00a0 Nos recommandations Ch\u00e2teau d&rsquo;Azay-le-Rideau Ch\u00e2teau de l&rsquo;Islette Ch\u00e2teau de Villandry Ch\u00e2teau de Langeais Ch\u00e2teau D&rsquo;Uss\u00e9 Forteresse [&hellip;]\" \/>\n<meta property=\"og:url\" content=\"https:\/\/lechatelet-loirevalley.fr\/en\/infos-pratiques\/\" \/>\n<meta property=\"og:site_name\" content=\"Le Ch\u00e2telet Loire Valley\" \/>\n<meta property=\"article:publisher\" content=\"https:\/\/www.facebook.com\/profile.php?id=100006178249393\" \/>\n<meta property=\"article:modified_time\" content=\"2026-05-06T08:46:51+00:00\" \/>\n<meta name=\"twitter:card\" content=\"summary_large_image\" \/>\n<meta name=\"twitter:label1\" content=\"Estimated reading time\" \/>\n\t<meta name=\"twitter:data1\" content=\"1 minute\" \/>\n<script type=\"application\/ld+json\" class=\"yoast-schema-graph\">{\"@context\":\"https:\\\/\\\/schema.org\",\"@graph\":[{\"@type\":\"WebPage\",\"@id\":\"https:\\\/\\\/lechatelet-loirevalley.fr\\\/infos-pratiques\\\/\",\"url\":\"https:\\\/\\\/lechatelet-loirevalley.fr\\\/infos-pratiques\\\/\",\"name\":\"Infos pratiques - Le Ch\u00e2telet Loire Valley\",\"isPartOf\":{\"@id\":\"https:\\\/\\\/lechatelet-loirevalley.fr\\\/#website\"},\"datePublished\":\"2026-03-25T08:24:33+00:00\",\"dateModified\":\"2026-05-06T08:46:51+00:00\",\"breadcrumb\":{\"@id\":\"https:\\\/\\\/lechatelet-loirevalley.fr\\\/infos-pratiques\\\/#breadcrumb\"},\"inLanguage\":\"en-GB\",\"potentialAction\":[{\"@type\":\"ReadAction\",\"target\":[\"https:\\\/\\\/lechatelet-loirevalley.fr\\\/infos-pratiques\\\/\"]}]},{\"@type\":\"BreadcrumbList\",\"@id\":\"https:\\\/\\\/lechatelet-loirevalley.fr\\\/infos-pratiques\\\/#breadcrumb\",\"itemListElement\":[{\"@type\":\"ListItem\",\"position\":1,\"name\":\"Accueil\",\"item\":\"https:\\\/\\\/lechatelet-loirevalley.fr\\\/\"},{\"@type\":\"ListItem\",\"position\":2,\"name\":\"Infos pratiques\"}]},{\"@type\":\"WebSite\",\"@id\":\"https:\\\/\\\/lechatelet-loirevalley.fr\\\/#website\",\"url\":\"https:\\\/\\\/lechatelet-loirevalley.fr\\\/\",\"name\":\"Le Ch\u00e2telet Loire Valley\",\"description\":\"S\u00e9journez dans un ch\u00e2teau Renaissance au c\u0153ur de la vall\u00e9e de la Loire\",\"publisher\":{\"@id\":\"https:\\\/\\\/lechatelet-loirevalley.fr\\\/#organization\"},\"potentialAction\":[{\"@type\":\"SearchAction\",\"target\":{\"@type\":\"EntryPoint\",\"urlTemplate\":\"https:\\\/\\\/lechatelet-loirevalley.fr\\\/?s={search_term_string}\"},\"query-input\":{\"@type\":\"PropertyValueSpecification\",\"valueRequired\":true,\"valueName\":\"search_term_string\"}}],\"inLanguage\":\"en-GB\"},{\"@type\":\"Organization\",\"@id\":\"https:\\\/\\\/lechatelet-loirevalley.fr\\\/#organization\",\"name\":\"Le Ch\u00e2telet Loire Valley\",\"url\":\"https:\\\/\\\/lechatelet-loirevalley.fr\\\/\",\"logo\":{\"@type\":\"ImageObject\",\"inLanguage\":\"en-GB\",\"@id\":\"https:\\\/\\\/lechatelet-loirevalley.fr\\\/#\\\/schema\\\/logo\\\/image\\\/\",\"url\":\"https:\\\/\\\/lechatelet-loirevalley.fr\\\/wp-content\\\/uploads\\\/2024\\\/03\\\/chatelet-dessin-1quatre_1_.jpg\",\"contentUrl\":\"https:\\\/\\\/lechatelet-loirevalley.fr\\\/wp-content\\\/uploads\\\/2024\\\/03\\\/chatelet-dessin-1quatre_1_.jpg\",\"width\":320,\"height\":205,\"caption\":\"Le Ch\u00e2telet Loire Valley\"},\"image\":{\"@id\":\"https:\\\/\\\/lechatelet-loirevalley.fr\\\/#\\\/schema\\\/logo\\\/image\\\/\"},\"sameAs\":[\"https:\\\/\\\/www.facebook.com\\\/profile.php?id=100006178249393\",\"https:\\\/\\\/www.youtube.com\\\/@lelasseuxgregoire\",\"https:\\\/\\\/www.instagram.com\\\/thilouzelechatelet\\\/\"]}]}<\/script>\n<!-- \/ Yoast SEO plugin. -->","yoast_head_json":{"title":"Infos pratiques - Le Ch\u00e2telet Loire Valley","robots":{"index":"index","follow":"follow","max-snippet":"max-snippet:-1","max-image-preview":"max-image-preview:large","max-video-preview":"max-video-preview:-1"},"canonical":"https:\/\/lechatelet-loirevalley.fr\/en\/infos-pratiques\/","og_locale":"en_GB","og_type":"article","og_title":"Infos pratiques - Le Ch\u00e2telet Loire Valley","og_description":"Infos Pratiques Heure de d\u00e9part : 10h00 Heure d&rsquo;arriv\u00e9e : de 16hoo \u00e0 22h00 Wifi gratuit\u00a0 \u00a0 \u00a0 \u00a0 Parking gratuit sur place\u00a0 \u00a0 Nos recommandations Ch\u00e2teau d&rsquo;Azay-le-Rideau Ch\u00e2teau de l&rsquo;Islette Ch\u00e2teau de Villandry Ch\u00e2teau de Langeais Ch\u00e2teau D&rsquo;Uss\u00e9 Forteresse [&hellip;]","og_url":"https:\/\/lechatelet-loirevalley.fr\/en\/infos-pratiques\/","og_site_name":"Le Ch\u00e2telet Loire Valley","article_publisher":"https:\/\/www.facebook.com\/profile.php?id=100006178249393","article_modified_time":"2026-05-06T08:46:51+00:00","twitter_card":"summary_large_image","twitter_misc":{"Estimated reading time":"1 minute"},"schema":{"@context":"https:\/\/schema.org","@graph":[{"@type":"WebPage","@id":"https:\/\/lechatelet-loirevalley.fr\/infos-pratiques\/","url":"https:\/\/lechatelet-loirevalley.fr\/infos-pratiques\/","name":"Infos pratiques - Le Ch\u00e2telet Loire Valley","isPartOf":{"@id":"https:\/\/lechatelet-loirevalley.fr\/#website"},"datePublished":"2026-03-25T08:24:33+00:00","dateModified":"2026-05-06T08:46:51+00:00","breadcrumb":{"@id":"https:\/\/lechatelet-loirevalley.fr\/infos-pratiques\/#breadcrumb"},"inLanguage":"en-GB","potentialAction":[{"@type":"ReadAction","target":["https:\/\/lechatelet-loirevalley.fr\/infos-pratiques\/"]}]},{"@type":"BreadcrumbList","@id":"https:\/\/lechatelet-loirevalley.fr\/infos-pratiques\/#breadcrumb","itemListElement":[{"@type":"ListItem","position":1,"name":"Accueil","item":"https:\/\/lechatelet-loirevalley.fr\/"},{"@type":"ListItem","position":2,"name":"Infos pratiques"}]},{"@type":"WebSite","@id":"https:\/\/lechatelet-loirevalley.fr\/#website","url":"https:\/\/lechatelet-loirevalley.fr\/","name":"Le Ch\u00e2telet Loire Valley","description":"S\u00e9journez dans un ch\u00e2teau Renaissance au c\u0153ur de la vall\u00e9e de la Loire","publisher":{"@id":"https:\/\/lechatelet-loirevalley.fr\/#organization"},"potentialAction":[{"@type":"SearchAction","target":{"@type":"EntryPoint","urlTemplate":"https:\/\/lechatelet-loirevalley.fr\/?s={search_term_string}"},"query-input":{"@type":"PropertyValueSpecification","valueRequired":true,"valueName":"search_term_string"}}],"inLanguage":"en-GB"},{"@type":"Organization","@id":"https:\/\/lechatelet-loirevalley.fr\/#organization","name":"Le Ch\u00e2telet Loire Valley","url":"https:\/\/lechatelet-loirevalley.fr\/","logo":{"@type":"ImageObject","inLanguage":"en-GB","@id":"https:\/\/lechatelet-loirevalley.fr\/#\/schema\/logo\/image\/","url":"https:\/\/lechatelet-loirevalley.fr\/wp-content\/uploads\/2024\/03\/chatelet-dessin-1quatre_1_.jpg","contentUrl":"https:\/\/lechatelet-loirevalley.fr\/wp-content\/uploads\/2024\/03\/chatelet-dessin-1quatre_1_.jpg","width":320,"height":205,"caption":"Le Ch\u00e2telet Loire Valley"},"image":{"@id":"https:\/\/lechatelet-loirevalley.fr\/#\/schema\/logo\/image\/"},"sameAs":["https:\/\/www.facebook.com\/profile.php?id=100006178249393","https:\/\/www.youtube.com\/@lelasseuxgregoire","https:\/\/www.instagram.com\/thilouzelechatelet\/"]}]}},"_links":{"self":[{"href":"https:\/\/lechatelet-loirevalley.fr\/en\/wp-json\/wp\/v2\/pages\/3459","targetHints":{"allow":["GET"]}}],"collection":[{"href":"https:\/\/lechatelet-loirevalley.fr\/en\/wp-json\/wp\/v2\/pages"}],"about":[{"href":"https:\/\/lechatelet-loirevalley.fr\/en\/wp-json\/wp\/v2\/types\/page"}],"author":[{"embeddable":true,"href":"https:\/\/lechatelet-loirevalley.fr\/en\/wp-json\/wp\/v2\/users\/3"}],"replies":[{"embeddable":true,"href":"https:\/\/lechatelet-loirevalley.fr\/en\/wp-json\/wp\/v2\/comments?post=3459"}],"version-history":[{"count":57,"href":"https:\/\/lechatelet-loirevalley.fr\/en\/wp-json\/wp\/v2\/pages\/3459\/revisions"}],"predecessor-version":[{"id":4293,"href":"https:\/\/lechatelet-loirevalley.fr\/en\/wp-json\/wp\/v2\/pages\/3459\/revisions\/4293"}],"wp:attachment":[{"href":"https:\/\/lechatelet-loirevalley.fr\/en\/wp-json\/wp\/v2\/media?parent=3459"}],"curies":[{"name":"wp","href":"https:\/\/api.w.org\/{rel}","templated":true}]}}