{"id":2781,"date":"2024-03-06T16:29:49","date_gmt":"2024-03-06T15:29:49","guid":{"rendered":"https:\/\/lechatelet-loirevalley.fr\/?page_id=2781"},"modified":"2024-03-06T16:33:58","modified_gmt":"2024-03-06T15:33:58","slug":"mentions-legales","status":"publish","type":"page","link":"https:\/\/lechatelet-loirevalley.fr\/en\/mentions-legales\/","title":{"rendered":"Legal Notice"},"content":{"rendered":"<h1 class=\"wp-block-heading\"><\/h1>\n\n\n\n<h1 class=\"wp-block-heading\">In accordance with the provisions of articles 6-III and 19 of Law No. 2004-575 of June 21, 2004 for Confidence in the digital economy, known as L.C.E.N., we inform users and visitors of the site: https:\/\/ lechatelet-loirevalley.fr\/ the following information:<\/h1>\n\n\n\n<h2 class=\"wp-block-heading\">EDITOR<\/h2>\n\n\n\n<p>Le site https:\/\/lechatelet-loirevalley.fr\/&nbsp;est la propri\u00e9t\u00e9 exclusive de l\u2019Auto-entrepreneur Lelasseux Gr\u00e9goire, qui l\u2019\u00e9dite.<\/p>\n\n\n\n<p>\u200b<strong>Le Chatelet Gr\u00e9goire Lelasseux<\/strong>\u2013&nbsp;Auto-entrepreneur<\/p>\n\n\n\n<p>Registered in the Directory of Companies and Establishments under number<\/p>\n\n\n\n<figure class=\"wp-block-table\"><table><tbody><tr><td>803 101 492 00012<\/td><\/tr><\/tbody><\/table><\/figure>\n\n\n\n<p><br><strong>T\u00e9l\u00e9phone&nbsp; :&nbsp;<\/strong>&nbsp;07 81 15 32 97<\/p>\n\n\n\n<p><strong>Adresse :&nbsp;<\/strong> <strong>Le Ch\u00e2telet<\/strong> <strong>37260 Thilouze<\/strong><\/p>\n\n\n\n<p><strong>Adresse de courrier \u00e9lectronique :&nbsp;<\/strong><a href=\"mailto:contact@benjaminfrelat-hypnose.fr\"> lechatelet@hotmail.fr<\/a><\/p>\n\n\n\n<p>Directeur de la publication : Lelasseux Gr\u00e9goire<\/p>\n\n\n\n<p>Design du site :&nbsp;Wordpress<\/p>\n\n\n\n<p>Contact the publication manager: lechatelet@hotmail.fr<\/p>\n\n\n\n<h2 class=\"wp-block-heading\">ACCOMMODATION<\/h2>\n\n\n\n<p><br>The host of the site https:\/\/lechatelet-loirevalley.fr\/ is the company OVH., whose head office is located at 2 rue Kellermann \u2013 59100 Roubaix \u2013 France RCS Lille M\u00e9tropole 424 761 419 00045 APE code 2620Z VAT number: FR 22 424 761 419<\/p>\n\n\n\n<h2 class=\"wp-block-heading\">CREDITS<\/h2>\n\n\n\n<p>the legal notices were generated by&nbsp;<a href=\"https:\/\/www.generer-mentions-legales.com\/\" target=\"_blank\" rel=\"noreferrer noopener\">mentions l\u00e9gales<\/a><\/p>","protected":false},"excerpt":{"rendered":"<p>Conform\u00e9ment aux dispositions des articles 6-III et 19 de la Loi n\u00b0 2004-575 du 21 juin 2004 pour la Confiance dans l\u2019\u00e9conomie num\u00e9rique, dite L.C.E.N., nous portons \u00e0 la connaissance des utilisateurs et visiteurs du site :&nbsp;https:\/\/lechatelet-loirevalley.fr\/&nbsp;les informations suivantes : [&hellip;]<\/p>","protected":false},"author":2,"featured_media":0,"parent":0,"menu_order":0,"comment_status":"closed","ping_status":"open","template":"","meta":{"footnotes":""},"class_list":["post-2781","page","type-page","status-publish","hentry"],"yoast_head":"<!-- This site is optimized with the Yoast SEO plugin v27.4 - https:\/\/yoast.com\/product\/yoast-seo-wordpress\/ -->\n<title>Mentions l\u00e9gales - Le Ch\u00e2telet Loire Valley<\/title>\n<meta name=\"robots\" content=\"index, follow, max-snippet:-1, max-image-preview:large, max-video-preview:-1\" \/>\n<link rel=\"canonical\" href=\"https:\/\/lechatelet-loirevalley.fr\/en\/mentions-legales\/\" \/>\n<meta property=\"og:locale\" content=\"en_GB\" \/>\n<meta property=\"og:type\" content=\"article\" \/>\n<meta property=\"og:title\" content=\"Mentions l\u00e9gales - Le Ch\u00e2telet Loire Valley\" \/>\n<meta property=\"og:description\" content=\"Conform\u00e9ment aux dispositions des articles 6-III et 19 de la Loi n\u00b0 2004-575 du 21 juin 2004 pour la Confiance dans l\u2019\u00e9conomie num\u00e9rique, dite L.C.E.N., nous portons \u00e0 la connaissance des utilisateurs et visiteurs du site :&nbsp;https:\/\/lechatelet-loirevalley.fr\/&nbsp;les informations suivantes : [&hellip;]\" \/>\n<meta property=\"og:url\" content=\"https:\/\/lechatelet-loirevalley.fr\/en\/mentions-legales\/\" \/>\n<meta property=\"og:site_name\" content=\"Le Ch\u00e2telet Loire Valley\" \/>\n<meta property=\"article:publisher\" content=\"https:\/\/www.facebook.com\/profile.php?id=100006178249393\" \/>\n<meta property=\"article:modified_time\" content=\"2024-03-06T15:33:58+00:00\" \/>\n<meta name=\"twitter:card\" content=\"summary_large_image\" \/>\n<meta name=\"twitter:label1\" content=\"Estimated reading time\" \/>\n\t<meta name=\"twitter:data1\" content=\"1 minute\" \/>\n<script type=\"application\/ld+json\" class=\"yoast-schema-graph\">{\"@context\":\"https:\\\/\\\/schema.org\",\"@graph\":[{\"@type\":\"WebPage\",\"@id\":\"https:\\\/\\\/lechatelet-loirevalley.fr\\\/mentions-legales\\\/\",\"url\":\"https:\\\/\\\/lechatelet-loirevalley.fr\\\/mentions-legales\\\/\",\"name\":\"Mentions l\u00e9gales - Le Ch\u00e2telet Loire Valley\",\"isPartOf\":{\"@id\":\"http:\\\/\\\/lechatelet-loirevalley.fr\\\/fr_fr\\\/#website\"},\"datePublished\":\"2024-03-06T15:29:49+00:00\",\"dateModified\":\"2024-03-06T15:33:58+00:00\",\"breadcrumb\":{\"@id\":\"https:\\\/\\\/lechatelet-loirevalley.fr\\\/mentions-legales\\\/#breadcrumb\"},\"inLanguage\":\"en-GB\",\"potentialAction\":[{\"@type\":\"ReadAction\",\"target\":[\"https:\\\/\\\/lechatelet-loirevalley.fr\\\/mentions-legales\\\/\"]}]},{\"@type\":\"BreadcrumbList\",\"@id\":\"https:\\\/\\\/lechatelet-loirevalley.fr\\\/mentions-legales\\\/#breadcrumb\",\"itemListElement\":[{\"@type\":\"ListItem\",\"position\":1,\"name\":\"Accueil\",\"item\":\"https:\\\/\\\/lechatelet-loirevalley.fr\\\/fr_fr\\\/\"},{\"@type\":\"ListItem\",\"position\":2,\"name\":\"Mentions l\u00e9gales\"}]},{\"@type\":\"WebSite\",\"@id\":\"http:\\\/\\\/lechatelet-loirevalley.fr\\\/fr_fr\\\/#website\",\"url\":\"http:\\\/\\\/lechatelet-loirevalley.fr\\\/fr_fr\\\/\",\"name\":\"Le Ch\u00e2telet Loire Valley\",\"description\":\"Vivez une exp\u00e9rience unique dans un ch\u00e2teau Renaissance entour\u00e9 d\u2019eau. \",\"publisher\":{\"@id\":\"http:\\\/\\\/lechatelet-loirevalley.fr\\\/fr_fr\\\/#organization\"},\"potentialAction\":[{\"@type\":\"SearchAction\",\"target\":{\"@type\":\"EntryPoint\",\"urlTemplate\":\"http:\\\/\\\/lechatelet-loirevalley.fr\\\/fr_fr\\\/?s={search_term_string}\"},\"query-input\":{\"@type\":\"PropertyValueSpecification\",\"valueRequired\":true,\"valueName\":\"search_term_string\"}}],\"inLanguage\":\"en-GB\"},{\"@type\":\"Organization\",\"@id\":\"http:\\\/\\\/lechatelet-loirevalley.fr\\\/fr_fr\\\/#organization\",\"name\":\"Le Ch\u00e2telet Loire Valley\",\"url\":\"http:\\\/\\\/lechatelet-loirevalley.fr\\\/fr_fr\\\/\",\"logo\":{\"@type\":\"ImageObject\",\"inLanguage\":\"en-GB\",\"@id\":\"http:\\\/\\\/lechatelet-loirevalley.fr\\\/fr_fr\\\/#\\\/schema\\\/logo\\\/image\\\/\",\"url\":\"https:\\\/\\\/lechatelet-loirevalley.fr\\\/wp-content\\\/uploads\\\/2024\\\/03\\\/chatelet-dessin-1quatre_1_.jpg\",\"contentUrl\":\"https:\\\/\\\/lechatelet-loirevalley.fr\\\/wp-content\\\/uploads\\\/2024\\\/03\\\/chatelet-dessin-1quatre_1_.jpg\",\"width\":320,\"height\":205,\"caption\":\"Le Ch\u00e2telet Loire Valley\"},\"image\":{\"@id\":\"http:\\\/\\\/lechatelet-loirevalley.fr\\\/fr_fr\\\/#\\\/schema\\\/logo\\\/image\\\/\"},\"sameAs\":[\"https:\\\/\\\/www.facebook.com\\\/profile.php?id=100006178249393\",\"https:\\\/\\\/www.youtube.com\\\/@lelasseuxgregoire\",\"https:\\\/\\\/www.instagram.com\\\/thilouzelechatelet\\\/\"]}]}<\/script>\n<!-- \/ Yoast SEO plugin. -->","yoast_head_json":{"title":"Mentions l\u00e9gales - Le Ch\u00e2telet Loire Valley","robots":{"index":"index","follow":"follow","max-snippet":"max-snippet:-1","max-image-preview":"max-image-preview:large","max-video-preview":"max-video-preview:-1"},"canonical":"https:\/\/lechatelet-loirevalley.fr\/en\/mentions-legales\/","og_locale":"en_GB","og_type":"article","og_title":"Mentions l\u00e9gales - Le Ch\u00e2telet Loire Valley","og_description":"Conform\u00e9ment aux dispositions des articles 6-III et 19 de la Loi n\u00b0 2004-575 du 21 juin 2004 pour la Confiance dans l\u2019\u00e9conomie num\u00e9rique, dite L.C.E.N., nous portons \u00e0 la connaissance des utilisateurs et visiteurs du site :&nbsp;https:\/\/lechatelet-loirevalley.fr\/&nbsp;les informations suivantes : [&hellip;]","og_url":"https:\/\/lechatelet-loirevalley.fr\/en\/mentions-legales\/","og_site_name":"Le Ch\u00e2telet Loire Valley","article_publisher":"https:\/\/www.facebook.com\/profile.php?id=100006178249393","article_modified_time":"2024-03-06T15:33:58+00:00","twitter_card":"summary_large_image","twitter_misc":{"Estimated reading time":"1 minute"},"schema":{"@context":"https:\/\/schema.org","@graph":[{"@type":"WebPage","@id":"https:\/\/lechatelet-loirevalley.fr\/mentions-legales\/","url":"https:\/\/lechatelet-loirevalley.fr\/mentions-legales\/","name":"Mentions l\u00e9gales - Le Ch\u00e2telet Loire Valley","isPartOf":{"@id":"http:\/\/lechatelet-loirevalley.fr\/fr_fr\/#website"},"datePublished":"2024-03-06T15:29:49+00:00","dateModified":"2024-03-06T15:33:58+00:00","breadcrumb":{"@id":"https:\/\/lechatelet-loirevalley.fr\/mentions-legales\/#breadcrumb"},"inLanguage":"en-GB","potentialAction":[{"@type":"ReadAction","target":["https:\/\/lechatelet-loirevalley.fr\/mentions-legales\/"]}]},{"@type":"BreadcrumbList","@id":"https:\/\/lechatelet-loirevalley.fr\/mentions-legales\/#breadcrumb","itemListElement":[{"@type":"ListItem","position":1,"name":"Accueil","item":"https:\/\/lechatelet-loirevalley.fr\/fr_fr\/"},{"@type":"ListItem","position":2,"name":"Mentions l\u00e9gales"}]},{"@type":"WebSite","@id":"http:\/\/lechatelet-loirevalley.fr\/fr_fr\/#website","url":"http:\/\/lechatelet-loirevalley.fr\/fr_fr\/","name":"Le Ch\u00e2telet Loire Valley","description":"Vivez une exp\u00e9rience unique dans un ch\u00e2teau Renaissance entour\u00e9 d\u2019eau. ","publisher":{"@id":"http:\/\/lechatelet-loirevalley.fr\/fr_fr\/#organization"},"potentialAction":[{"@type":"SearchAction","target":{"@type":"EntryPoint","urlTemplate":"http:\/\/lechatelet-loirevalley.fr\/fr_fr\/?s={search_term_string}"},"query-input":{"@type":"PropertyValueSpecification","valueRequired":true,"valueName":"search_term_string"}}],"inLanguage":"en-GB"},{"@type":"Organization","@id":"http:\/\/lechatelet-loirevalley.fr\/fr_fr\/#organization","name":"Le Ch\u00e2telet Loire Valley","url":"http:\/\/lechatelet-loirevalley.fr\/fr_fr\/","logo":{"@type":"ImageObject","inLanguage":"en-GB","@id":"http:\/\/lechatelet-loirevalley.fr\/fr_fr\/#\/schema\/logo\/image\/","url":"https:\/\/lechatelet-loirevalley.fr\/wp-content\/uploads\/2024\/03\/chatelet-dessin-1quatre_1_.jpg","contentUrl":"https:\/\/lechatelet-loirevalley.fr\/wp-content\/uploads\/2024\/03\/chatelet-dessin-1quatre_1_.jpg","width":320,"height":205,"caption":"Le Ch\u00e2telet Loire Valley"},"image":{"@id":"http:\/\/lechatelet-loirevalley.fr\/fr_fr\/#\/schema\/logo\/image\/"},"sameAs":["https:\/\/www.facebook.com\/profile.php?id=100006178249393","https:\/\/www.youtube.com\/@lelasseuxgregoire","https:\/\/www.instagram.com\/thilouzelechatelet\/"]}]}},"_links":{"self":[{"href":"https:\/\/lechatelet-loirevalley.fr\/en\/wp-json\/wp\/v2\/pages\/2781","targetHints":{"allow":["GET"]}}],"collection":[{"href":"https:\/\/lechatelet-loirevalley.fr\/en\/wp-json\/wp\/v2\/pages"}],"about":[{"href":"https:\/\/lechatelet-loirevalley.fr\/en\/wp-json\/wp\/v2\/types\/page"}],"author":[{"embeddable":true,"href":"https:\/\/lechatelet-loirevalley.fr\/en\/wp-json\/wp\/v2\/users\/2"}],"replies":[{"embeddable":true,"href":"https:\/\/lechatelet-loirevalley.fr\/en\/wp-json\/wp\/v2\/comments?post=2781"}],"version-history":[{"count":2,"href":"https:\/\/lechatelet-loirevalley.fr\/en\/wp-json\/wp\/v2\/pages\/2781\/revisions"}],"predecessor-version":[{"id":2786,"href":"https:\/\/lechatelet-loirevalley.fr\/en\/wp-json\/wp\/v2\/pages\/2781\/revisions\/2786"}],"wp:attachment":[{"href":"https:\/\/lechatelet-loirevalley.fr\/en\/wp-json\/wp\/v2\/media?parent=2781"}],"curies":[{"name":"wp","href":"https:\/\/api.w.org\/{rel}","templated":true}]}}